{"id":11,"date":"2023-11-10T11:22:56","date_gmt":"2023-11-10T11:22:56","guid":{"rendered":"https:\/\/startersites.io\/blocksy\/daily-news\/?page_id=11"},"modified":"2025-09-06T12:41:02","modified_gmt":"2025-09-06T12:41:02","slug":"qna","status":"publish","type":"page","link":"https:\/\/cenb.org.br\/pt\/qna\/","title":{"rendered":"Perguntas Frequentes"},"content":{"rendered":"<div id=\"\u5bc4\u8d08\u306e\u6d41\u308c\" class=\"wp-block-group is-nowrap is-layout-flex wp-container-core-group-is-layout-5c4495dd wp-block-group-is-layout-flex\">\n<div class=\"wp-block-greenshift-blocks-iconbox gspb_iconBox gspb_iconBox-id-gsbp-6b1daef\" id=\"gspb_iconBox-id-gsbp-6b1daef\"><div class=\"gspb_iconBox__wrapper\" style=\"display:inline-flex\"><svg class=\"\" style=\"display:inline-block;vertical-align:middle\" width=\"72\" height=\"72\" viewbox=\"0 0 1024 1024\" xmlns=\"https:\/\/www.w3.org\/2000\/svg\"><path style=\"fill:#565D66\" d=\"M512 16c-273.914 0-496 222.166-496 496 0 273.994 222.086 496 496 496s496-222.006 496-496c0-273.834-222.086-496-496-496zM512 912c-221.064 0-400-178.862-400-400 0-220.99 178.944-400 400-400 220.982 0 400 178.942 400 400 0 221.060-178.862 400-400 400zM726.488 401.6c0 134.104-144.842 136.168-144.842 185.726v12.674c0 13.254-10.746 24-24 24h-91.294c-13.254 0-24-10.746-24-24v-17.318c0-71.49 54.2-100.068 95.158-123.032 35.122-19.69 56.648-33.082 56.648-59.158 0-34.492-43.998-57.386-79.568-57.386-46.378 0-67.788 21.954-97.884 59.938-8.114 10.24-22.92 12.142-33.332 4.248l-55.648-42.196c-10.214-7.744-12.502-22.132-5.288-32.726 47.254-69.388 107.442-108.37 201.15-108.37 98.142 0 202.9 76.608 202.9 177.6zM596 736c0 46.318-37.682 84-84 84s-84-37.682-84-84 37.682-84 84-84 84 37.682 84 84z\"><\/path><\/svg><\/div><\/div>\n\n\n\n<h3 id=\"gspb_heading-id-gsbp-784c969\" class=\"gspb_heading gspb_heading-id-gsbp-784c969\">Perguntas Frequentes<\/h3>\n<\/div>\n\n\n\n<div class=\"wp-block-greenshift-blocks-row gspb_row gspb_row-id-gsbp-cc27e95\" id=\"gspb_row-id-gsbp-cc27e95\"><div class=\"gspb_row__content\"> \n<div class=\"wp-block-greenshift-blocks-row-column gspb_row__col--12 gspb_col-id-gsbp-cf0fe78\" id=\"gspb_col-id-gsbp-cf0fe78\">\n<div class=\"gs_accordion_803 gsbp-f5ce0d5\">\n<div class=\"gs_item gsbp-4ffaf61\">\n<h3 class=\"gs_title\">\n<button aria-controls=\"gs-content-gsbp-f5ce0d5-0\" id=\"gs-trigger-gsbp-f5ce0d5-0\" class=\"gs_click_sync\" type=\"button\" aria-expanded=\"false\">\n<span class=\"gs_name gsbp-205dd3f\">Como acessar os livros e materiais do Centro de Estudos Nipo-Brasileiros ?<\/span>\n\n\n\n<svg viewbox=\"0 0 512 1024\" width=\"512\" height=\"1024\" class=\"gs_icon\"><path d=\"M49.414 76.202l-39.598 39.596c-9.372 9.372-9.372 24.568 0 33.942l361.398 362.26-361.398 362.26c-9.372 9.372-9.372 24.568 0 33.942l39.598 39.598c9.372 9.372 24.568 9.372 33.942 0l418.828-418.828c9.372-9.372 9.372-24.568 0-33.942l-418.828-418.828c-9.374-9.374-24.57-9.374-33.942 0z\" \/><\/svg>\n<\/button>\n<\/h3>\n\n\n\n<div aria-labelledby=\"gs-trigger-gsbp-f5ce0d5-0\" id=\"gs-content-gsbp-f5ce0d5-0\" class=\"gs_content\" role=\"region\" aria-hidden=\"true\">\n<div class=\"gs_content_inner\">\n<p>Os materiais podems ser consultados por qualquer pessoa, mediante solicita\u00e7\u00e3o pr\u00e9via.<br>Os interessados em realizar a consulta do acervo, devem preencher o formul\u00e1rio com as datas prevsitas de visita e os documentos que desejam consultar.<\/p>\n\n\n\n<p>O hor\u00e1rio de funcionamento e o acesso ao CENB podem ser consultados nas seguintes p\u00e1ginas \uff1a<br><a style=\"font-weight: bold;\" href=\"\/pt\/reading-request\/#02\">Normas Gerais de Uso<\/a>\u3000\u3000<strong><a href=\"\/pt\/access\/\">Localiza\u00e7\u00e3o<\/a><\/strong><\/p>\n<\/div>\n<\/div>\n<\/div>\n<\/div>\n\n\n\n<div class=\"gs_accordion_803 gsbp-51c305b\">\n<div class=\"gs_item gsbp-14b498d\">\n<h3 class=\"gs_title\">\n<button aria-controls=\"gs-content-gsbp-51c305b-0\" id=\"gs-trigger-gsbp-51c305b-0\" class=\"gs_click_sync\" type=\"button\" aria-expanded=\"false\">\n<span class=\"gs_name gsbp-1f99997\">Quais s\u00e3o as publica\u00e7\u00f5es dispon\u00edveis do CENB e como posso ter acesso a elas?<\/span>\n\n\n\n<svg viewbox=\"0 0 512 1024\" width=\"512\" height=\"1024\" class=\"gs_icon\"><path d=\"M49.414 76.202l-39.598 39.596c-9.372 9.372-9.372 24.568 0 33.942l361.398 362.26-361.398 362.26c-9.372 9.372-9.372 24.568 0 33.942l39.598 39.598c9.372 9.372 24.568 9.372 33.942 0l418.828-418.828c9.372-9.372 9.372-24.568 0-33.942l-418.828-418.828c-9.374-9.374-24.57-9.374-33.942 0z\" \/><\/svg>\n<\/button>\n<\/h3>\n\n\n\n<div aria-labelledby=\"gs-trigger-gsbp-51c305b-0\" id=\"gs-content-gsbp-51c305b-0\" class=\"gs_content\" role=\"region\" aria-hidden=\"true\">\n<div class=\"gs_content_inner\">\n<p>Para informa\u00e7\u00f5es sobre as publica\u00e7\u00f5es editadas pelo CENB, consulte a p\u00e1gina de apresenta\u00e7\u00e3o.<a href=\"\/pt\/publications\/\"><strong>\u5f53\u7814\u7a76\u6240\u520a\u884c\u7269\u306e\u7d39\u4ecb\u30da\u30fc\u30b8<\/strong><\/a>( Publica\u00e7\u00f5es )<br>As publica\u00e7\u00f5es em estoque podem ser adquiridas diretamente no CENB.<a href=\"\/pt\/books\/\"><strong>\u8ca9\u58f2\u66f8\u7c4d\u30da\u30fc\u30b8<\/strong><\/a>( Para verificar a disponibilidade, confira a p\u00e1gina de livros \u00e0 venda.)<br>Para quem mora longe, tamb\u00e9m \u00e9 poss\u00edvel o envio mediante pagamento do valor do livro e dos custos de envio.<a href=\"\/pt\/contact-form\/\"><strong>Contato<\/strong><\/a>( Caso tenha interesse, entre em contato conosco )<\/p>\n<\/div>\n<\/div>\n<\/div>\n<\/div>\n\n\n\n<div class=\"gs_accordion_803 gsbp-440627a\">\n<div class=\"gs_item gsbp-2103d47\">\n<h3 class=\"gs_title\">\n<button aria-controls=\"gs-content-gsbp-440627a-0\" id=\"gs-trigger-gsbp-440627a-0\" class=\"gs_click_sync\" type=\"button\" aria-expanded=\"false\">\n<span class=\"gs_name gsbp-f3dfdb6\">\u00c9 poss\u00edvel visitar o acervo do Centro de Estudos Nipo-Brasileiros? Posso consultar os materiais presencialmente para fazer a sele\u00e7\u00e3o?<\/span>\n\n\n\n<svg viewbox=\"0 0 512 1024\" width=\"512\" height=\"1024\" class=\"gs_icon\"><path d=\"M49.414 76.202l-39.598 39.596c-9.372 9.372-9.372 24.568 0 33.942l361.398 362.26-361.398 362.26c-9.372 9.372-9.372 24.568 0 33.942l39.598 39.598c9.372 9.372 24.568 9.372 33.942 0l418.828-418.828c9.372-9.372 9.372-24.568 0-33.942l-418.828-418.828c-9.374-9.374-24.57-9.374-33.942 0z\" \/><\/svg>\n<\/button>\n<\/h3>\n\n\n\n<div aria-labelledby=\"gs-trigger-gsbp-440627a-0\" id=\"gs-content-gsbp-440627a-0\" class=\"gs_content\" role=\"region\" aria-hidden=\"true\">\n<div class=\"gs_content_inner\">\n<p>A visita ao nosso acervo e biblioteca \u00e9 poss\u00edvel somente com autoriza\u00e7\u00e3o. Entre em contato para mais informa\u00e7\u00f5es!<br>Precisa de ajuda para encontrar documentos? Voc\u00ea pode pesquisar diretamente em nosso Banco de Dados ou nos contar sobre o assunto, per\u00edodo ou temas que interessam. Nossa equipe poder\u00e1 sugerir meteriais de refer\u00eancia.<\/p>\n\n\n\n<p>\u8a73\u7d30\u306f<strong><a href=\"\/pt\/reading-request\/#02\">Normas Gerais de Uso<\/a><\/strong>( Publica\u00e7\u00f5es )<\/p>\n<\/div>\n<\/div>\n<\/div>\n<\/div>\n\n\n\n<div class=\"gs_accordion_803 gsbp-0dc5109\">\n<div class=\"gs_item gsbp-a34fcb8\">\n<h3 class=\"gs_title\">\n<button aria-controls=\"gs-content-gsbp-0dc5109-0\" id=\"gs-trigger-gsbp-0dc5109-0\" class=\"gs_click_sync gsbp-d6c26e3\" type=\"button\" aria-expanded=\"false\">\n<span class=\"gs_name\">Gostaria de visitar as instala\u00e7\u00f5es do Centro de Estudos Nipo-Brasileiros. Como posso fazer isso?<\/span>\n\n\n\n<svg viewbox=\"0 0 512 1024\" width=\"512\" height=\"1024\" class=\"gs_icon\"><path d=\"M49.414 76.202l-39.598 39.596c-9.372 9.372-9.372 24.568 0 33.942l361.398 362.26-361.398 362.26c-9.372 9.372-9.372 24.568 0 33.942l39.598 39.598c9.372 9.372 24.568 9.372 33.942 0l418.828-418.828c9.372-9.372 9.372-24.568 0-33.942l-418.828-418.828c-9.374-9.374-24.57-9.374-33.942 0z\" \/><\/svg>\n<\/button>\n<\/h3>\n\n\n\n<div aria-labelledby=\"gs-trigger-gsbp-0dc5109-0\" id=\"gs-content-gsbp-0dc5109-0\" class=\"gs_content gsbp-fec6e1a\" role=\"region\" aria-hidden=\"true\">\n<div class=\"gs_content_inner\">\n<p>Para aqueles que desejam visitar nossas instala\u00e7\u00f5es, solicitamos que entrem em contato antecipadamente para agendar a visita.<strong><a href=\"\/pt\/contact-form\/\">\u304a\u554f\u3044\u5408\u308f\u305b\u30d5\u30a9\u30fc\u30e0<\/a><\/strong>( contato(at)cenb.org.br )<br>( atendimento em japon\u00eas e portugu\u00eas )<br>Oferecemos visitas educacionais para institui\u00e7\u00f5es de ensino, como universidades, com capacidade para at\u00e9 12 pessoas por grupo.<\/p>\n<\/div>\n<\/div>\n<\/div>\n<\/div>\n\n\n\n<div class=\"gs_accordion_803 gsbp-831106c\">\n<div class=\"gs_item gsbp-dbf4a61\">\n<h3 class=\"gs_title\">\n<button aria-controls=\"gs-content-gsbp-831106c-0\" id=\"gs-trigger-gsbp-831106c-0\" class=\"gs_click_sync gsbp-0f6fc9d\" type=\"button\" aria-expanded=\"false\">\n<span class=\"gs_name\">Posso tiras as fotos ?<\/span>\n\n\n\n<svg viewbox=\"0 0 512 1024\" width=\"512\" height=\"1024\" class=\"gs_icon\"><path d=\"M49.414 76.202l-39.598 39.596c-9.372 9.372-9.372 24.568 0 33.942l361.398 362.26-361.398 362.26c-9.372 9.372-9.372 24.568 0 33.942l39.598 39.598c9.372 9.372 24.568 9.372 33.942 0l418.828-418.828c9.372-9.372 9.372-24.568 0-33.942l-418.828-418.828c-9.374-9.374-24.57-9.374-33.942 0z\" \/><\/svg>\n<\/button>\n<\/h3>\n\n\n\n<div aria-labelledby=\"gs-trigger-gsbp-831106c-0\" id=\"gs-content-gsbp-831106c-0\" class=\"gs_content gsbp-5969c2a\" role=\"region\" aria-hidden=\"true\">\n<div class=\"gs_content_inner\">\n<p>Sim,  pode tirar fotos livremente no escrit\u00f3rio e em toda a \u00e1rea da sala de leitura.<br>Porem,  solicitamos que n\u00e3o sejam realizadas fotografias dos materiais de acervo na sala de leitura e do interior da biblioteca, conforme nosso regulamento interno.\"<\/p>\n\n\n\n<p>Caso deseje uma c\u00f3pia do material, este servi\u00e7o \u00e9 pago.<strong><a href=\"\/pt\/copy-service\/\">C\u00f3pia de Materiais<\/a><\/strong>\u3092\u3054\u5229\u7528\u304f\u3060\u3055\u3044\u3002<br><\/p>\n<\/div>\n<\/div>\n<\/div>\n<\/div>\n\n\n\n<div class=\"gs_accordion_803 gsbp-2e60d75\">\n<div class=\"gs_item gsbp-d866c78\">\n<h3 class=\"gs_title\">\n<button aria-controls=\"gs-content-gsbp-2e60d75-0\" id=\"gs-trigger-gsbp-2e60d75-0\" class=\"gs_click_sync\" type=\"button\" aria-expanded=\"false\">\n<span class=\"gs_name gsbp-11191eb\">Onde fica localizado o CENB?<\/span>\n\n\n\n<svg viewbox=\"0 0 512 1024\" width=\"512\" height=\"1024\" class=\"gs_icon\"><path d=\"M49.414 76.202l-39.598 39.596c-9.372 9.372-9.372 24.568 0 33.942l361.398 362.26-361.398 362.26c-9.372 9.372-9.372 24.568 0 33.942l39.598 39.598c9.372 9.372 24.568 9.372 33.942 0l418.828-418.828c9.372-9.372 9.372-24.568 0-33.942l-418.828-418.828c-9.374-9.374-24.57-9.374-33.942 0z\" \/><\/svg>\n<\/button>\n<\/h3>\n\n\n\n<div aria-labelledby=\"gs-trigger-gsbp-2e60d75-0\" id=\"gs-content-gsbp-2e60d75-0\" class=\"gs_content gsbp-12f9222\" role=\"region\" aria-hidden=\"true\">\n<div class=\"gs_content_inner\">\n<p>Centro de Estudos Nipo-Brasileiros fica localizado no 3\u00ba andar do edif\u00edcio da Sociedade Brasileira de Cultura Japonesa e de Assist\u00eancia Social (conhecido como Edif\u00edcio Bunkyo).<br>A esta\u00e7\u00e3o mais pr\u00f3xima \u00e9 a esta\u00e7\u00e3o Sao Joaquim da linha azul do metr\u00f4.<\/p>\n\n\n\n<p>No terceiro andar do pr\u00e9dio Bunkyo,  siga em frente e, al\u00e9m da porta corta-fogo \u00e0 sua esquerda, voc\u00ea encontrar\u00e1 a sala 35. (\u00c0 direita est\u00e1 o escrit\u00f3rio do Museu da Imigra\u00e7\u00e3o Japonesa no Brasil)<\/p>\n<\/div>\n<\/div>\n<\/div>\n<\/div>\n\n\n\n<div class=\"gs_accordion_803 gsbp-2a5140e\">\n<div class=\"gs_item gsbp-0fa13af\">\n<h3 class=\"gs_title\">\n<button aria-controls=\"gs-content-gsbp-2a5140e-0\" id=\"gs-trigger-gsbp-2a5140e-0\" class=\"gs_click_sync\" type=\"button\" aria-expanded=\"false\">\n<span class=\"gs_name gsbp-b62eee4\">\u00c9 poss\u00edvel utilizar o Centro de Estudos Nipo-Brasileiros sem fazer reserva?<\/span>\n\n\n\n<svg viewbox=\"0 0 512 1024\" width=\"512\" height=\"1024\" class=\"gs_icon\"><path d=\"M49.414 76.202l-39.598 39.596c-9.372 9.372-9.372 24.568 0 33.942l361.398 362.26-361.398 362.26c-9.372 9.372-9.372 24.568 0 33.942l39.598 39.598c9.372 9.372 24.568 9.372 33.942 0l418.828-418.828c9.372-9.372 9.372-24.568 0-33.942l-418.828-418.828c-9.374-9.374-24.57-9.374-33.942 0z\" \/><\/svg>\n<\/button>\n<\/h3>\n\n\n\n<div aria-labelledby=\"gs-trigger-gsbp-2a5140e-0\" id=\"gs-content-gsbp-2a5140e-0\" class=\"gs_content gsbp-3095ab2\" role=\"region\" aria-hidden=\"true\">\n<div class=\"gs_content_inner\">\n<p>Para adquirir nossos livros ou conhecer nossas instala\u00e7\u00f5es, n\u00e3o \u00e9 necess\u00e1rio agendamento pr\u00e9vio. Atendemos de segunda a sexta-feira, durante nosso hor\u00e1rio comercial. Venha nos fazer uma visita - ser\u00e1 um prazer receb\u00ea-lo(a)!<br>Para garantir o melhor atendimento, recomendamos entrar em contato conosco com anteced\u00eancia, pois nossa disponibilidade pode variar dependendo da demanda e do n\u00famero de visitantes no momento.\"<\/p>\n\n\n\n<p>Para consulta dos materiais do nosso acervo, solicitamos que seja feito agendamento com pelo menos um dia de anteced\u00eancia. Isso nos permite preparar adequadamente os documentos e seguir nossos procedimentos internos, garantindo o melhor atendimento poss\u00edvel.<br>Para atendimento mais \u00e1gil, fique \u00e0 vontade para entrar em contato por telefone.<\/p>\n<\/div>\n<\/div>\n<\/div>\n<\/div>\n\n\n\n<div class=\"gs_accordion_803 gsbp-03be9ec\">\n<div class=\"gs_item gsbp-eaec19e\">\n<h3 class=\"gs_title\">\n<button aria-controls=\"gs-content-gsbp-03be9ec-0\" id=\"gs-trigger-gsbp-03be9ec-0\" class=\"gs_click_sync gsbp-54bac5e\" type=\"button\" aria-expanded=\"false\">\n<span class=\"gs_name\">Tem d\u00favidas sobre qual \u00e9 o nome correto do material que precisa?<\/span>\n\n\n\n<svg viewbox=\"0 0 512 1024\" width=\"512\" height=\"1024\" class=\"gs_icon\"><path d=\"M49.414 76.202l-39.598 39.596c-9.372 9.372-9.372 24.568 0 33.942l361.398 362.26-361.398 362.26c-9.372 9.372-9.372 24.568 0 33.942l39.598 39.598c9.372 9.372 24.568 9.372 33.942 0l418.828-418.828c9.372-9.372 9.372-24.568 0-33.942l-418.828-418.828c-9.374-9.374-24.57-9.374-33.942 0z\" \/><\/svg>\n<\/button>\n<\/h3>\n\n\n\n<div aria-labelledby=\"gs-trigger-gsbp-03be9ec-0\" id=\"gs-content-gsbp-03be9ec-0\" class=\"gs_content gsbp-eab0a44\" role=\"region\" aria-hidden=\"true\">\n<div class=\"gs_content_inner\">\n<p>Mesmo sem saber o nome espec\u00edfico do material que procura, \u00e9 poss\u00edvel receber atendimento de refer\u00eancia do Centro de Estudos Nipo-Brasileiros. Basta fornecer informa\u00e7\u00f5es gerais como per\u00edodo, g\u00eanero ou tema de interesse.<br>Se entrar em contato conosco, podemos fornecer os t\u00edtulos dos materiais relacionados e a rela\u00e7\u00e3o de documentos dispon\u00edveis em nosso acervo.<\/p>\n<\/div>\n<\/div>\n<\/div>\n<\/div>\n<\/div>\n <\/div><\/div>","protected":false},"excerpt":{"rendered":"","protected":false},"author":1,"featured_media":0,"parent":0,"menu_order":0,"comment_status":"closed","ping_status":"closed","template":"","meta":{"_acf_changed":false,"_gspb_post_css":"#gspb_iconBox-id-gsbp-6b1daef svg{height:40px!important;width:40px!important;min-width:40px!important;margin:0!important}#gspb_iconBox-id-gsbp-6b1daef{justify-content:center;display:flex}#gspb_iconBox-id-gsbp-6b1daef svg,#gspb_iconBox-id-gsbp-6b1daef svg path,#gspb_iconBox-id-gsbp-6b1daef svg:hover,#gspb_iconBox-id-gsbp-6b1daef svg:hover path{fill:var(--theme-link-initial-color, currentColor)!important}#gspb_heading-id-gsbp-784c969{margin-top:0}body.gspb-bodyfront #gspb_heading-id-gsbp-784c969{bottom:-20px}#gspb_row-id-gsbp-cc27e95{justify-content:space-between;margin-top:0;margin-bottom:0;display:flex;flex-wrap:wrap}#gspb_row-id-gsbp-cc27e95>.gspb_row__content{display:flex;justify-content:space-between;margin:0 auto;width:100%;flex-wrap:wrap}.gsbp-f5ce0d5,.gspb_row{position:relative}div[id^=gspb_col-id]{box-sizing:border-box;position:relative;padding:var(--gs-row-column-padding, 15px min(3vw, 20px))}body.gspb-bodyfront #gspb_row-id-gsbp-cc27e95>.gspb_row__content{width:var(--theme-container-width, 1200px);max-width:var(--theme-normal-container-max-width, 1200px)}#gspb_col-id-gsbp-cf0fe78.gspb_row__col--12{width:100%}@media (max-width:575.98px){#gspb_col-id-gsbp-cf0fe78.gspb_row__col--12{width:100%}}.gs_accordion_803>.gs_item{border-top-left-radius:8px;border-bottom-left-radius:8px;border-top-right-radius:8px;border-bottom-right-radius:8px;overflow:hidden;border-width:1px;border-style:solid;border-color:#00000012}.gs_accordion_803 .gs_title{margin:0;padding:0}.gs_accordion_803 .gs_title button{font-size:1rem;background-color:#0000000d;border:0;padding:1rem 1.5rem;font-weight:400;text-decoration:none;display:flex;justify-content:space-between;align-items:center;width:100%;color:#000;cursor:pointer;column-gap:5px}.gs_accordion_803 .gs_title .gs_icon{width:17px;height:17px;transition:all .5s ease}.gs_accordion_803>.gs_item>.gs_content{max-height:0;overflow:hidden;transition:max-height .5s cubic-bezier(.42,0,.58,1),opacity .4s cubic-bezier(.42,0,.58,1);opacity:0}.gs_accordion_803>.gs_item[data-active]>.gs_content{max-height:5000px;opacity:1}.gs_accordion_803 .gs_content>.gs_content_inner{padding:25px;font-size:1rem;line-height:1.7rem}.gs_accordion_803>.gs_item[data-active]>.gs_title .gs_icon{transform:rotate(90deg)}.gsbp-f5ce0d5{display:flex;flex-direction:column;row-gap:15px;column-gap:15px;align-items:stretch;justify-content:flex-start}.gsbp-4ffaf61{margin-bottom:10px}.gsbp-51c305b{position:relative;display:flex;flex-direction:column;row-gap:15px;column-gap:15px;align-items:stretch;justify-content:flex-start}.gsbp-14b498d{margin-bottom:10px}.gsbp-1f99997{text-align:left}.gsbp-440627a{position:relative;display:flex;flex-direction:column;row-gap:15px;column-gap:15px;align-items:stretch;justify-content:flex-start}.gsbp-2103d47{margin-bottom:10px}.gsbp-0dc5109{position:relative;display:flex;flex-direction:column;row-gap:15px;column-gap:15px;align-items:stretch;justify-content:flex-start}.gsbp-a34fcb8{margin-bottom:10px}.gsbp-831106c{position:relative;display:flex;flex-direction:column;row-gap:15px;column-gap:15px;align-items:stretch;justify-content:flex-start}.gsbp-dbf4a61{margin-bottom:10px}.gsbp-2e60d75{position:relative;display:flex;flex-direction:column;row-gap:15px;column-gap:15px;align-items:stretch;justify-content:flex-start}.gsbp-d866c78{margin-bottom:10px}.gsbp-2a5140e{position:relative;display:flex;flex-direction:column;row-gap:15px;column-gap:15px;align-items:stretch;justify-content:flex-start}.gsbp-0fa13af{margin-bottom:10px}.gsbp-03be9ec{position:relative;display:flex;flex-direction:column;row-gap:15px;column-gap:15px;align-items:stretch;justify-content:flex-start}.gsbp-eaec19e{margin-bottom:10px}.gsbp-0f6fc9d,.gsbp-11191eb,.gsbp-205dd3f,.gsbp-54bac5e,.gsbp-b62eee4,.gsbp-d6c26e3,.gsbp-f3dfdb6{text-align:left}","footnotes":""},"class_list":["post-11","page","type-page","status-publish","hentry"],"blocksy_meta":{"has_hero_section":"disabled","styles_descriptor":{"styles":{"desktop":"","tablet":"","mobile":""},"google_fonts":[],"version":6},"page_structure_type":"type-1"},"acf":[],"_links":{"self":[{"href":"https:\/\/cenb.org.br\/pt\/wp-json\/wp\/v2\/pages\/11","targetHints":{"allow":["GET"]}}],"collection":[{"href":"https:\/\/cenb.org.br\/pt\/wp-json\/wp\/v2\/pages"}],"about":[{"href":"https:\/\/cenb.org.br\/pt\/wp-json\/wp\/v2\/types\/page"}],"author":[{"embeddable":true,"href":"https:\/\/cenb.org.br\/pt\/wp-json\/wp\/v2\/users\/1"}],"replies":[{"embeddable":true,"href":"https:\/\/cenb.org.br\/pt\/wp-json\/wp\/v2\/comments?post=11"}],"version-history":[{"count":46,"href":"https:\/\/cenb.org.br\/pt\/wp-json\/wp\/v2\/pages\/11\/revisions"}],"predecessor-version":[{"id":40883,"href":"https:\/\/cenb.org.br\/pt\/wp-json\/wp\/v2\/pages\/11\/revisions\/40883"}],"wp:attachment":[{"href":"https:\/\/cenb.org.br\/pt\/wp-json\/wp\/v2\/media?parent=11"}],"curies":[{"name":"wp","href":"https:\/\/api.w.org\/{rel}","templated":true}]}}