{"id":124845,"date":"2025-10-23T17:35:13","date_gmt":"2025-10-23T17:35:13","guid":{"rendered":"https:\/\/dev.cenb.org.br\/?page_id=124845"},"modified":"2026-04-15T13:53:45","modified_gmt":"2026-04-15T13:53:45","slug":"cenb-special","status":"publish","type":"page","link":"https:\/\/cenb.org.br\/pt\/cenb-special\/","title":{"rendered":"Especial CENB"},"content":{"rendered":"<div class=\"wp-block-greenshift-blocks-row gspb_row gspb_row-id-gsbp-ce3de7b\" id=\"gspb_row-id-gsbp-ce3de7b\"><div class=\"gspb_row__content\"> \n<div class=\"wp-block-greenshift-blocks-row-column gspb_row__col--12 gspb_col-id-gsbp-9cd207d\" id=\"gspb_col-id-gsbp-9cd207d\">\n<h2 id=\"gspb_heading-id-gsbp-34ff389\" class=\"gspb_heading gspb_heading-id-gsbp-34ff389\">Especial CENB<\/h2>\n\n\n\n<div id=\"gspb_text-id-gsbp-d72d671\" class=\"gspb_text gspb_text-id-gsbp-d72d671\">Apresenta\u00e7\u00e3o de conte\u00fados e artigos especiais sobre o CENB<\/div>\n\n\n\n<div id=\"01\" class=\"wp-block-group is-horizontal is-nowrap is-layout-flex wp-container-core-group-is-layout-189e6392 wp-block-group-is-layout-flex\" style=\"padding-bottom:0\">\n<div class=\"wp-block-greenshift-blocks-iconbox gspb_iconBox gspb_iconBox-id-gsbp-d99dace\" id=\"gspb_iconBox-id-gsbp-d99dace\"><a class=\"gspb-containerlink\" href=\"\/pt\/nikkei-brazil\/\" rel=\"noopener\"><div class=\"gspb_iconBox__wrapper\" style=\"display:inline-flex\"><svg class=\"\" style=\"display:inline-block;vertical-align:middle\" width=\"72\" height=\"72\" viewbox=\"0 0 1024 1024\" xmlns=\"https:\/\/www.w3.org\/2000\/svg\"><path style=\"fill:#565D66\" d=\"M995.2 0l-326.4 0.34c-15.906-0-28.8 12.894-28.8 28.8v0 66.62c-0 0.002-0 0.004-0 0.006 0 15.906 12.894 28.8 28.8 28.8 0.204 0 0.407-0.002 0.61-0.006l-0.030 0 147.26-5.44 4.12 4.12-557.72 557.74c-4.361 4.346-7.059 10.358-7.059 17s2.698 12.654 7.058 16.999l0.001 0.001 46 46c4.346 4.361 10.358 7.059 17 7.059s12.654-2.698 16.999-7.058l0.001-0.001 557.72-557.74 4.12 4.12-5.44 147.26c-0.004 0.173-0.006 0.376-0.006 0.58 0 15.906 12.894 28.8 28.8 28.8 0.002 0 0.004-0 0.006-0l66.62 0c15.906 0 28.8-12.894 28.8-28.8v-0l0.34-326.4c0-15.906-12.894-28.8-28.8-28.8v0zM864 576h-32c-17.673 0-32 14.327-32 32v0 308c0 6.627-5.373 12-12 12v0h-680c-6.627 0-12-5.373-12-12v0-680c0-6.627 5.373-12 12-12v0h308c17.673 0 32-14.327 32-32v0-32c0-17.673-14.327-32-32-32v0h-320c-53.019 0-96 42.981-96 96v0 704c0 53.019 42.981 96 96 96v0h704c53.019 0 96-42.981 96-96v0-320c0-17.673-14.327-32-32-32v0z\"><\/path><\/svg><\/div><\/a><\/div>\n\n\n\n<h3 id=\"gspb_heading-id-gsbp-c9a887c\" class=\"gspb_heading gspb_heading-id-gsbp-c9a887c\"><a href=\"\/pt\/nikkei-brazil\/\">Resumo - Hist\u00f3ria da Imigra\u00e7\u00e3o Japonesa no Brasil<\/a><\/h3>\n<\/div>\n\n\n\n<div id=\"gspb_text-id-gsbp-2ac3b65\" class=\"gspb_text gspb_text-id-gsbp-2ac3b65\">A trajet\u00f3ria da imigra\u00e7\u00e3o: do projeto nacional aos dekasseguis<\/div>\n\n\n\n<div id=\"02\" class=\"wp-block-group is-horizontal is-nowrap is-layout-flex wp-container-core-group-is-layout-189e6392 wp-block-group-is-layout-flex\" style=\"padding-bottom:0\">\n<div class=\"wp-block-greenshift-blocks-iconbox gspb_iconBox gspb_iconBox-id-gsbp-7cc3725\" id=\"gspb_iconBox-id-gsbp-7cc3725\"><a class=\"gspb-containerlink\" href=\"\/pt\/historical-figures\/\" rel=\"noopener\"><div class=\"gspb_iconBox__wrapper\" style=\"display:inline-flex\"><svg class=\"\" style=\"display:inline-block;vertical-align:middle\" width=\"72\" height=\"72\" viewbox=\"0 0 1024 1024\" xmlns=\"https:\/\/www.w3.org\/2000\/svg\"><path style=\"fill:#565D66\" d=\"M995.2 0l-326.4 0.34c-15.906-0-28.8 12.894-28.8 28.8v0 66.62c-0 0.002-0 0.004-0 0.006 0 15.906 12.894 28.8 28.8 28.8 0.204 0 0.407-0.002 0.61-0.006l-0.030 0 147.26-5.44 4.12 4.12-557.72 557.74c-4.361 4.346-7.059 10.358-7.059 17s2.698 12.654 7.058 16.999l0.001 0.001 46 46c4.346 4.361 10.358 7.059 17 7.059s12.654-2.698 16.999-7.058l0.001-0.001 557.72-557.74 4.12 4.12-5.44 147.26c-0.004 0.173-0.006 0.376-0.006 0.58 0 15.906 12.894 28.8 28.8 28.8 0.002 0 0.004-0 0.006-0l66.62 0c15.906 0 28.8-12.894 28.8-28.8v-0l0.34-326.4c0-15.906-12.894-28.8-28.8-28.8v0zM864 576h-32c-17.673 0-32 14.327-32 32v0 308c0 6.627-5.373 12-12 12v0h-680c-6.627 0-12-5.373-12-12v0-680c0-6.627 5.373-12 12-12v0h308c17.673 0 32-14.327 32-32v0-32c0-17.673-14.327-32-32-32v0h-320c-53.019 0-96 42.981-96 96v0 704c0 53.019 42.981 96 96 96v0h704c53.019 0 96-42.981 96-96v0-320c0-17.673-14.327-32-32-32v0z\"><\/path><\/svg><\/div><\/a><\/div>\n\n\n\n<h3 id=\"gspb_heading-id-gsbp-6abb8e5\" class=\"gspb_heading gspb_heading-id-gsbp-6abb8e5\"><a href=\"\/pt\/historical-figures\/\">Grandes Personalidades da Imigra\u00e7\u00e3o Japonesa no Brasil<\/a><\/h3>\n<\/div>\n\n\n\n<div id=\"gspb_text-id-gsbp-452bee1\" class=\"gspb_text gspb_text-id-gsbp-452bee1\">Apresenta\u00e7\u00e3o a partir de \u201cBukkosenkusha Retsuden\u201d (1958), compilado pelo Comit\u00ea do Cinquenten\u00e1rio da Imigra\u00e7\u00e3o Japonesa<\/div>\n\n\n\n<div id=\"03\" class=\"wp-block-group is-horizontal is-nowrap is-layout-flex wp-container-core-group-is-layout-189e6392 wp-block-group-is-layout-flex\" style=\"padding-bottom:0\">\n<div class=\"wp-block-greenshift-blocks-iconbox gspb_iconBox gspb_iconBox-id-gsbp-81d46c8\" id=\"gspb_iconBox-id-gsbp-81d46c8\"><a class=\"gspb-containerlink\" href=\"\/pt\/nikkei-population-1988\/\" rel=\"noopener\"><div class=\"gspb_iconBox__wrapper\" style=\"display:inline-flex\"><svg class=\"\" style=\"display:inline-block;vertical-align:middle\" width=\"72\" height=\"72\" viewbox=\"0 0 1024 1024\" xmlns=\"https:\/\/www.w3.org\/2000\/svg\"><path style=\"fill:#565D66\" d=\"M995.2 0l-326.4 0.34c-15.906-0-28.8 12.894-28.8 28.8v0 66.62c-0 0.002-0 0.004-0 0.006 0 15.906 12.894 28.8 28.8 28.8 0.204 0 0.407-0.002 0.61-0.006l-0.030 0 147.26-5.44 4.12 4.12-557.72 557.74c-4.361 4.346-7.059 10.358-7.059 17s2.698 12.654 7.058 16.999l0.001 0.001 46 46c4.346 4.361 10.358 7.059 17 7.059s12.654-2.698 16.999-7.058l0.001-0.001 557.72-557.74 4.12 4.12-5.44 147.26c-0.004 0.173-0.006 0.376-0.006 0.58 0 15.906 12.894 28.8 28.8 28.8 0.002 0 0.004-0 0.006-0l66.62 0c15.906 0 28.8-12.894 28.8-28.8v-0l0.34-326.4c0-15.906-12.894-28.8-28.8-28.8v0zM864 576h-32c-17.673 0-32 14.327-32 32v0 308c0 6.627-5.373 12-12 12v0h-680c-6.627 0-12-5.373-12-12v0-680c0-6.627 5.373-12 12-12v0h308c17.673 0 32-14.327 32-32v0-32c0-17.673-14.327-32-32-32v0h-320c-53.019 0-96 42.981-96 96v0 704c0 53.019 42.981 96 96 96v0h704c53.019 0 96-42.981 96-96v0-320c0-17.673-14.327-32-32-32v0z\"><\/path><\/svg><\/div><\/a><\/div>\n\n\n\n<h3 id=\"gspb_heading-id-gsbp-189a898\" class=\"gspb_heading gspb_heading-id-gsbp-189a898\"><a href=\"\/pt\/nikkei-population-1988\/\">Pesquisa da Popula\u00e7\u00e3o Nikkei de 1988<\/a><\/h3>\n<\/div>\n\n\n\n<div id=\"gspb_text-id-gsbp-f5ac6e0\" class=\"gspb_text gspb_text-id-gsbp-f5ac6e0\">Relat\u00f3rio da Pesquisa Populacional de Descendentes Japoneses no Brasil - 1987\/1988<\/div>\n\n\n\n<div id=\"04\" class=\"wp-block-group is-horizontal is-nowrap is-layout-flex wp-container-core-group-is-layout-189e6392 wp-block-group-is-layout-flex\" style=\"padding-bottom:0\">\n<div class=\"wp-block-greenshift-blocks-iconbox gspb_iconBox gspb_iconBox-id-gsbp-52f0f72\" id=\"gspb_iconBox-id-gsbp-52f0f72\"><a class=\"gspb-containerlink\" href=\"https:\/\/nw.org.br\/sistema\/ctr_APIGoogleMaps_filtro\/\" rel=\"noopener\" target=\"_blank\"><div class=\"gspb_iconBox__wrapper\" style=\"display:inline-flex\"><svg class=\"\" style=\"display:inline-block;vertical-align:middle\" width=\"72\" height=\"72\" viewbox=\"0 0 1024 1024\" xmlns=\"https:\/\/www.w3.org\/2000\/svg\"><path style=\"fill:#565D66\" d=\"M995.2 0l-326.4 0.34c-15.906-0-28.8 12.894-28.8 28.8v0 66.62c-0 0.002-0 0.004-0 0.006 0 15.906 12.894 28.8 28.8 28.8 0.204 0 0.407-0.002 0.61-0.006l-0.030 0 147.26-5.44 4.12 4.12-557.72 557.74c-4.361 4.346-7.059 10.358-7.059 17s2.698 12.654 7.058 16.999l0.001 0.001 46 46c4.346 4.361 10.358 7.059 17 7.059s12.654-2.698 16.999-7.058l0.001-0.001 557.72-557.74 4.12 4.12-5.44 147.26c-0.004 0.173-0.006 0.376-0.006 0.58 0 15.906 12.894 28.8 28.8 28.8 0.002 0 0.004-0 0.006-0l66.62 0c15.906 0 28.8-12.894 28.8-28.8v-0l0.34-326.4c0-15.906-12.894-28.8-28.8-28.8v0zM864 576h-32c-17.673 0-32 14.327-32 32v0 308c0 6.627-5.373 12-12 12v0h-680c-6.627 0-12-5.373-12-12v0-680c0-6.627 5.373-12 12-12v0h308c17.673 0 32-14.327 32-32v0-32c0-17.673-14.327-32-32-32v0h-320c-53.019 0-96 42.981-96 96v0 704c0 53.019 42.981 96 96 96v0h704c53.019 0 96-42.981 96-96v0-320c0-17.673-14.327-32-32-32v0z\"><\/path><\/svg><\/div><\/a><\/div>\n\n\n\n<h3 id=\"gspb_heading-id-gsbp-86a491b\" class=\"gspb_heading gspb_heading-id-gsbp-86a491b\"><a href=\"https:\/\/nw.org.br\/sistema\/ctr_APIGoogleMaps_filtro\/\" target=\"_blank\" rel=\"noopener\">Mapa<\/a><\/h3>\n<\/div>\n\n\n\n<div id=\"gspb_text-id-gsbp-aafac67\" class=\"gspb_text gspb_text-id-gsbp-aafac67\">Abrange cerca de 420 entidades nikkeis em todo o Brasil<\/div>\n\n\n\n<div id=\"05\" class=\"wp-block-group is-horizontal is-nowrap is-layout-flex wp-container-core-group-is-layout-189e6392 wp-block-group-is-layout-flex\" style=\"padding-bottom:0\">\n<div class=\"wp-block-greenshift-blocks-iconbox gspb_iconBox gspb_iconBox-id-gsbp-6700dd5\" id=\"gspb_iconBox-id-gsbp-6700dd5\"><a class=\"gspb-containerlink\" href=\"https:\/\/nw.org.br\/sistema\/ctr_APIGoogleMaps_filtro\/\" rel=\"noopener\" target=\"_blank\"><div class=\"gspb_iconBox__wrapper\" style=\"display:inline-flex\"><svg class=\"\" style=\"display:inline-block;vertical-align:middle\" width=\"72\" height=\"72\" viewbox=\"0 0 1024 1024\" xmlns=\"https:\/\/www.w3.org\/2000\/svg\"><path style=\"fill:#565D66\" d=\"M995.2 0l-326.4 0.34c-15.906-0-28.8 12.894-28.8 28.8v0 66.62c-0 0.002-0 0.004-0 0.006 0 15.906 12.894 28.8 28.8 28.8 0.204 0 0.407-0.002 0.61-0.006l-0.030 0 147.26-5.44 4.12 4.12-557.72 557.74c-4.361 4.346-7.059 10.358-7.059 17s2.698 12.654 7.058 16.999l0.001 0.001 46 46c4.346 4.361 10.358 7.059 17 7.059s12.654-2.698 16.999-7.058l0.001-0.001 557.72-557.74 4.12 4.12-5.44 147.26c-0.004 0.173-0.006 0.376-0.006 0.58 0 15.906 12.894 28.8 28.8 28.8 0.002 0 0.004-0 0.006-0l66.62 0c15.906 0 28.8-12.894 28.8-28.8v-0l0.34-326.4c0-15.906-12.894-28.8-28.8-28.8v0zM864 576h-32c-17.673 0-32 14.327-32 32v0 308c0 6.627-5.373 12-12 12v0h-680c-6.627 0-12-5.373-12-12v0-680c0-6.627 5.373-12 12-12v0h308c17.673 0 32-14.327 32-32v0-32c0-17.673-14.327-32-32-32v0h-320c-53.019 0-96 42.981-96 96v0 704c0 53.019 42.981 96 96 96v0h704c53.019 0 96-42.981 96-96v0-320c0-17.673-14.327-32-32-32v0z\"><\/path><\/svg><\/div><\/a><\/div>\n\n\n\n<h3 id=\"gspb_heading-id-gsbp-6d90586\" class=\"gspb_heading gspb_heading-id-gsbp-6d90586\"><a href=\"https:\/\/cenb.org.br\/pt\/jittai-chosa-2021\/\" data-type=\"page\" data-id=\"129457\">A Situa\u00e7\u00e3o Atual da Col\u00f4nia Japonesa no Brasil<\/a><\/h3>\n<\/div>\n\n\n\n<div id=\"gspb_text-id-gsbp-76c8d75\" class=\"gspb_text gspb_text-id-gsbp-76c8d75\">Relat\u00f3rio do Resultado de Pesquisa<\/div>\n\n\n\n<div id=\"06\" class=\"wp-block-group is-horizontal is-nowrap is-layout-flex wp-container-core-group-is-layout-189e6392 wp-block-group-is-layout-flex\" style=\"padding-bottom:0\">\n<div class=\"wp-block-greenshift-blocks-iconbox gspb_iconBox gspb_iconBox-id-gsbp-79e6ded\" id=\"gspb_iconBox-id-gsbp-79e6ded\"><a class=\"gspb-containerlink\" href=\"\/pt\/researchers\/\" rel=\"noopener\"><div class=\"gspb_iconBox__wrapper\" style=\"display:inline-flex\"><svg class=\"\" style=\"display:inline-block;vertical-align:middle\" width=\"72\" height=\"72\" viewbox=\"0 0 1024 1024\" xmlns=\"https:\/\/www.w3.org\/2000\/svg\"><path style=\"fill:#565D66\" d=\"M995.2 0l-326.4 0.34c-15.906-0-28.8 12.894-28.8 28.8v0 66.62c-0 0.002-0 0.004-0 0.006 0 15.906 12.894 28.8 28.8 28.8 0.204 0 0.407-0.002 0.61-0.006l-0.030 0 147.26-5.44 4.12 4.12-557.72 557.74c-4.361 4.346-7.059 10.358-7.059 17s2.698 12.654 7.058 16.999l0.001 0.001 46 46c4.346 4.361 10.358 7.059 17 7.059s12.654-2.698 16.999-7.058l0.001-0.001 557.72-557.74 4.12 4.12-5.44 147.26c-0.004 0.173-0.006 0.376-0.006 0.58 0 15.906 12.894 28.8 28.8 28.8 0.002 0 0.004-0 0.006-0l66.62 0c15.906 0 28.8-12.894 28.8-28.8v-0l0.34-326.4c0-15.906-12.894-28.8-28.8-28.8v0zM864 576h-32c-17.673 0-32 14.327-32 32v0 308c0 6.627-5.373 12-12 12v0h-680c-6.627 0-12-5.373-12-12v0-680c0-6.627 5.373-12 12-12v0h308c17.673 0 32-14.327 32-32v0-32c0-17.673-14.327-32-32-32v0h-320c-53.019 0-96 42.981-96 96v0 704c0 53.019 42.981 96 96 96v0h704c53.019 0 96-42.981 96-96v0-320c0-17.673-14.327-32-32-32v0z\"><\/path><\/svg><\/div><\/a><\/div>\n\n\n\n<h3 id=\"gspb_heading-id-gsbp-961599b\" class=\"gspb_heading gspb_heading-id-gsbp-961599b\"><a href=\"\/pt\/researchers\/\">As pessoas que constru\u00edram o CENB<br>\nApresenta\u00e7\u00e3o de Pesquisadores e Colaboradores<\/a><\/h3>\n<\/div>\n\n\n\n<div id=\"gspb_text-id-gsbp-9bec8a7\" class=\"gspb_text gspb_text-id-gsbp-9bec8a7\">Apresenta\u00e7\u00e3o dos principais pesquisadores e colaboradores do CENB ao longo de sua trajet\u00f3ria<\/div>\n\n\n\n<div id=\"07\" class=\"wp-block-group is-horizontal is-nowrap is-layout-flex wp-container-core-group-is-layout-189e6392 wp-block-group-is-layout-flex\" style=\"padding-bottom:0\">\n<div class=\"wp-block-greenshift-blocks-iconbox gspb_iconBox gspb_iconBox-id-gsbp-6eb05a7\" id=\"gspb_iconBox-id-gsbp-6eb05a7\"><div class=\"gspb_iconBox__wrapper\" style=\"display:inline-flex\"><svg class=\"\" style=\"display:inline-block;vertical-align:middle\" width=\"72\" height=\"72\" viewbox=\"0 0 1024 1024\" xmlns=\"https:\/\/www.w3.org\/2000\/svg\"><path style=\"fill:#565D66\" d=\"M995.2 0l-326.4 0.34c-15.906-0-28.8 12.894-28.8 28.8v0 66.62c-0 0.002-0 0.004-0 0.006 0 15.906 12.894 28.8 28.8 28.8 0.204 0 0.407-0.002 0.61-0.006l-0.030 0 147.26-5.44 4.12 4.12-557.72 557.74c-4.361 4.346-7.059 10.358-7.059 17s2.698 12.654 7.058 16.999l0.001 0.001 46 46c4.346 4.361 10.358 7.059 17 7.059s12.654-2.698 16.999-7.058l0.001-0.001 557.72-557.74 4.12 4.12-5.44 147.26c-0.004 0.173-0.006 0.376-0.006 0.58 0 15.906 12.894 28.8 28.8 28.8 0.002 0 0.004-0 0.006-0l66.62 0c15.906 0 28.8-12.894 28.8-28.8v-0l0.34-326.4c0-15.906-12.894-28.8-28.8-28.8v0zM864 576h-32c-17.673 0-32 14.327-32 32v0 308c0 6.627-5.373 12-12 12v0h-680c-6.627 0-12-5.373-12-12v0-680c0-6.627 5.373-12 12-12v0h308c17.673 0 32-14.327 32-32v0-32c0-17.673-14.327-32-32-32v0h-320c-53.019 0-96 42.981-96 96v0 704c0 53.019 42.981 96 96 96v0h704c53.019 0 96-42.981 96-96v0-320c0-17.673-14.327-32-32-32v0z\"><\/path><\/svg><\/div><\/div>\n\n\n\n<h3 id=\"gspb_heading-id-gsbp-fb26687\" class=\"gspb_heading gspb_heading-id-gsbp-fb26687\">Sobre a organiza\u00e7\u00e3o dos materiais do CENB<\/h3>\n<\/div>\n\n\n\n<div id=\"gspb_text-id-gsbp-20a37be\" class=\"gspb_text gspb_text-id-gsbp-20a37be\">Relat\u00f3rio de atividades e resultados da arquivista enviada pela JICA, Sra. Shimizu (2018\u20132020)<\/div>\n<\/div>\n <\/div><\/div>","protected":false},"excerpt":{"rendered":"","protected":false},"author":1,"featured_media":0,"parent":0,"menu_order":0,"comment_status":"closed","ping_status":"closed","template":"","meta":{"_acf_changed":false,"_gspb_post_css":"#gspb_row-id-gsbp-ce3de7b{justify-content:space-between;margin-top:0;margin-bottom:0;display:flex;flex-wrap:wrap}#gspb_row-id-gsbp-ce3de7b>.gspb_row__content{display:flex;justify-content:space-between;margin:0 auto;width:100%;flex-wrap:wrap}.gspb_row{position:relative}div[id^=gspb_col-id]{box-sizing:border-box;position:relative;padding:var(--gs-row-column-padding, 15px min(3vw, 20px))}#gspb_col-id-gsbp-9cd207d.gspb_row__col--12{width:100%}@media (max-width:575.98px){#gspb_col-id-gsbp-9cd207d.gspb_row__col--12{width:100%}}#gspb_heading-id-gsbp-34ff389{padding-bottom:20px}.gspb_text-id-gsbp-d72d671{margin-bottom:60px!important}#gspb_iconBox-id-gsbp-d99dace svg{height:40px!important;width:40px!important;min-width:40px!important}#gspb_iconBox-id-gsbp-52f0f72 a,#gspb_iconBox-id-gsbp-6700dd5 a,#gspb_iconBox-id-gsbp-79e6ded a,#gspb_iconBox-id-gsbp-7cc3725 a,#gspb_iconBox-id-gsbp-81d46c8 a,#gspb_iconBox-id-gsbp-d99dace a{justify-content:center;display:flex}#gspb_iconBox-id-gsbp-d99dace svg,#gspb_iconBox-id-gsbp-d99dace svg path{fill:var(--theme-link-initial-color, currentColor)!important}#gspb_iconBox-id-gsbp-d99dace svg{margin:0!important}#gspb_iconBox-id-gsbp-7cc3725 svg:hover,#gspb_iconBox-id-gsbp-7cc3725 svg:hover path,#gspb_iconBox-id-gsbp-81d46c8 svg:hover,#gspb_iconBox-id-gsbp-81d46c8 svg:hover path,#gspb_iconBox-id-gsbp-d99dace svg:hover,#gspb_iconBox-id-gsbp-d99dace svg:hover path{fill:var(--wp--preset--color--palette-color-2, var(--theme-palette-color-2, #55a630))!important}#gspb_iconBox-id-gsbp-52f0f72 .gspb_iconBox__wrapper,#gspb_iconBox-id-gsbp-6700dd5 .gspb_iconBox__wrapper,#gspb_iconBox-id-gsbp-6eb05a7 .gspb_iconBox__wrapper,#gspb_iconBox-id-gsbp-79e6ded .gspb_iconBox__wrapper,#gspb_iconBox-id-gsbp-7cc3725 .gspb_iconBox__wrapper,#gspb_iconBox-id-gsbp-81d46c8 .gspb_iconBox__wrapper,#gspb_iconBox-id-gsbp-d99dace .gspb_iconBox__wrapper{margin-bottom:0}body.gspb-bodyfront #gspb_heading-id-gsbp-189a898,body.gspb-bodyfront #gspb_heading-id-gsbp-6abb8e5,body.gspb-bodyfront #gspb_heading-id-gsbp-6d90586,body.gspb-bodyfront #gspb_heading-id-gsbp-86a491b,body.gspb-bodyfront #gspb_heading-id-gsbp-961599b,body.gspb-bodyfront #gspb_heading-id-gsbp-c9a887c,body.gspb-bodyfront #gspb_heading-id-gsbp-fb26687{bottom:-20px}.gspb_text-id-gsbp-20a37be,.gspb_text-id-gsbp-2ac3b65,.gspb_text-id-gsbp-452bee1,.gspb_text-id-gsbp-76c8d75,.gspb_text-id-gsbp-9bec8a7,.gspb_text-id-gsbp-aafac67,.gspb_text-id-gsbp-f5ac6e0{margin-top:12px!important;margin-bottom:40px!important}#gspb_iconBox-id-gsbp-7cc3725 svg{height:40px!important;width:40px!important;min-width:40px!important;margin:0!important}#gspb_iconBox-id-gsbp-7cc3725 svg,#gspb_iconBox-id-gsbp-7cc3725 svg path,#gspb_iconBox-id-gsbp-81d46c8 svg{fill:var(--theme-link-initial-color, currentColor)!important}#gspb_heading-id-gsbp-6abb8e5,#gspb_heading-id-gsbp-c9a887c{font-size:24px;margin-top:0}#gspb_iconBox-id-gsbp-81d46c8 svg{height:40px!important;width:40px!important;min-width:40px!important;margin:0!important}#gspb_iconBox-id-gsbp-52f0f72 svg,#gspb_iconBox-id-gsbp-81d46c8 svg path{fill:var(--theme-link-initial-color, currentColor)!important}#gspb_heading-id-gsbp-189a898,#gspb_heading-id-gsbp-86a491b{font-size:24px;margin-top:0}#gspb_iconBox-id-gsbp-52f0f72 svg,#gspb_iconBox-id-gsbp-6700dd5 svg{height:40px!important;width:40px!important;min-width:40px!important;margin:0!important}#gspb_iconBox-id-gsbp-52f0f72 svg path,#gspb_iconBox-id-gsbp-52f0f72 svg:hover,#gspb_iconBox-id-gsbp-52f0f72 svg:hover path,#gspb_iconBox-id-gsbp-6700dd5 svg,#gspb_iconBox-id-gsbp-6700dd5 svg path,#gspb_iconBox-id-gsbp-6700dd5 svg:hover,#gspb_iconBox-id-gsbp-6700dd5 svg:hover path{fill:var(--theme-link-initial-color, currentColor)!important}#gspb_iconBox-id-gsbp-79e6ded svg,#gspb_iconBox-id-gsbp-79e6ded svg path{fill:var(--theme-link-initial-color, currentColor)!important}#gspb_iconBox-id-gsbp-79e6ded svg:hover,#gspb_iconBox-id-gsbp-79e6ded svg:hover path{fill:var(--wp--preset--color--palette-color-2, var(--theme-palette-color-2, #55a630))!important}#gspb_heading-id-gsbp-6d90586,#gspb_heading-id-gsbp-961599b{font-size:24px;margin-top:0}#gspb_iconBox-id-gsbp-6eb05a7 svg,#gspb_iconBox-id-gsbp-79e6ded svg{height:40px!important;width:40px!important;min-width:40px!important;margin:0!important}#gspb_iconBox-id-gsbp-6eb05a7{justify-content:center;display:flex}#gspb_iconBox-id-gsbp-6eb05a7 svg,#gspb_iconBox-id-gsbp-6eb05a7 svg path,#gspb_iconBox-id-gsbp-6eb05a7 svg:hover,#gspb_iconBox-id-gsbp-6eb05a7 svg:hover path{fill:var(--theme-link-initial-color, currentColor)!important}#gspb_heading-id-gsbp-fb26687{font-size:24px;margin-top:0}","footnotes":""},"class_list":["post-124845","page","type-page","status-publish","hentry"],"blocksy_meta":{"has_hero_section":"disabled","vertical_spacing_source":"inherit","content_area_spacing":"none","styles_descriptor":{"styles":{"desktop":"","tablet":"","mobile":""},"google_fonts":[],"version":6},"page_structure_type":"type-3"},"acf":[],"_links":{"self":[{"href":"https:\/\/cenb.org.br\/pt\/wp-json\/wp\/v2\/pages\/124845","targetHints":{"allow":["GET"]}}],"collection":[{"href":"https:\/\/cenb.org.br\/pt\/wp-json\/wp\/v2\/pages"}],"about":[{"href":"https:\/\/cenb.org.br\/pt\/wp-json\/wp\/v2\/types\/page"}],"author":[{"embeddable":true,"href":"https:\/\/cenb.org.br\/pt\/wp-json\/wp\/v2\/users\/1"}],"replies":[{"embeddable":true,"href":"https:\/\/cenb.org.br\/pt\/wp-json\/wp\/v2\/comments?post=124845"}],"version-history":[{"count":12,"href":"https:\/\/cenb.org.br\/pt\/wp-json\/wp\/v2\/pages\/124845\/revisions"}],"predecessor-version":[{"id":129494,"href":"https:\/\/cenb.org.br\/pt\/wp-json\/wp\/v2\/pages\/124845\/revisions\/129494"}],"wp:attachment":[{"href":"https:\/\/cenb.org.br\/pt\/wp-json\/wp\/v2\/media?parent=124845"}],"curies":[{"name":"wp","href":"https:\/\/api.w.org\/{rel}","templated":true}]}}