{"id":17176,"date":"2023-11-10T11:15:04","date_gmt":"2023-11-10T11:15:04","guid":{"rendered":"https:\/\/startersites.io\/blocksy\/daily-news\/?page_id=3"},"modified":"2025-10-29T17:50:01","modified_gmt":"2025-10-29T17:50:01","slug":"privacy-policy","status":"publish","type":"page","link":"https:\/\/cenb.org.br\/pt\/privacy-policy\/","title":{"rendered":"Privacy Policy"},"content":{"rendered":"<h2 id=\"gspb_heading-id-gsbp-23b48f0\" class=\"gspb_heading gspb_heading-id-gsbp-23b48f0\">Pol\u00edtica de Privacidade<\/h2>\n\n\n\n<div id=\"gspb_text-id-gsbp-c72d6fc\" class=\"gspb_text gspb_text-id-gsbp-c72d6fc\">Este site (Centro de Estudos Nipo-Brasileiros \u2013 CENB) utiliza cookies para melhorar a experi\u00eancia de navega\u00e7\u00e3o e para fins de an\u00e1lise estat\u00edstica.\nAs informa\u00e7\u00f5es coletadas s\u00e3o an\u00f4nimas e n\u00e3o identificam o usu\u00e1rio individualmente.<br><br>Utilizamos o Google Analytics para analisar o tr\u00e1fego do site.\nOs dados s\u00e3o gerenciados de acordo com a Pol\u00edtica de Privacidade do Google.<br>Os visitantes podem desativar os cookies nas configura\u00e7\u00f5es do navegador.<\/div>\n\n\n\n<div style=\"height:40px\" aria-hidden=\"true\" class=\"wp-block-spacer\"><\/div>\n\n\n\n<div id=\"03\" class=\"wp-block-group is-nowrap is-layout-flex wp-container-core-group-is-layout-5c4495dd wp-block-group-is-layout-flex\">\n<div class=\"wp-block-greenshift-blocks-iconbox gspb_iconBox gspb_iconBox-id-gsbp-cf4a85a\" id=\"gspb_iconBox-id-gsbp-cf4a85a\"><div class=\"gspb_iconBox__wrapper\" style=\"display:inline-flex\"><svg class=\"\" style=\"display:inline-block;vertical-align:middle\" width=\"72\" height=\"72\" viewbox=\"0 0 1152 1024\" xmlns=\"https:\/\/www.w3.org\/2000\/svg\"><path style=\"fill:#565D66\" d=\"M804.6 689.8l64-64c10-10 27.4-3 27.4 11.4v290.8c0 53-43 96-96 96h-704c-53 0-96-43-96-96v-704c0-53 43-96 96-96h547c14.2 0 21.4 17.2 11.4 27.4l-64 64c-3 3-7 4.6-11.4 4.6h-483v704h704v-227c0-4.2 1.6-8.2 4.6-11.2zM1117.8 286.2l-525.2 525.2-180.8 20c-52.4 5.8-97-38.4-91.2-91.2l20-180.8 525.2-525.2c45.8-45.8 119.8-45.8 165.4 0l86.4 86.4c45.8 45.8 45.8 120 0.2 165.6zM920.2 348l-116.2-116.2-371.6 371.8-14.6 130.6 130.6-14.6 371.8-371.6zM1049.8 188.6l-86.4-86.4c-8.2-8.2-21.6-8.2-29.6 0l-61.8 61.8 116.2 116.2 61.8-61.8c8-8.4 8-21.6-0.2-29.8z\"><\/path><\/svg><\/div><\/div>\n\n\n\n<h3 id=\"gspb_heading-id-gsbp-940e556\" class=\"\u5165\u4f1a\u7533\u3057\u8fbc\u307f gspb_heading gspb_heading-id-gsbp-940e556\">Contato<\/h3>\n<\/div>\n\n\n\n<blockquote class=\"wp-block-quote is-style-default is-layout-flow wp-block-quote-is-layout-flow\">\n<p>Administra\u00e7\u00e3o<br>Telefone: +55-11-3277-8616 (de segunda a sexta-feira: das 14h \u00e0s 18h, fechado aos s\u00e1bados, domingos e feriados)<\/p>\n\n\n\n<div class=\"wp-block-buttons is-content-justification-left is-layout-flex wp-container-core-buttons-is-layout-fc4fd283 wp-block-buttons-is-layout-flex\">\n<div class=\"wp-block-button has-custom-width wp-block-button__width-75 is-style-fill\"><a class=\"wp-block-button__link wp-element-button\" href=\"\/pt\/contact-form\/\" style=\"border-width:3px;border-radius:5px\">Contato<\/a><\/div>\n<\/div>\n<\/blockquote>\n\n\n\n<p><\/p>","protected":false},"excerpt":{"rendered":"","protected":false},"author":1,"featured_media":0,"parent":0,"menu_order":0,"comment_status":"closed","ping_status":"open","template":"","meta":{"_acf_changed":false,"_gspb_post_css":"#gspb_heading-id-gsbp-23b48f0{padding-bottom:15px}.gspb_text-id-gsbp-c72d6fc{margin-bottom:20px!important}#gspb_iconBox-id-gsbp-cf4a85a svg{height:40px!important;width:40px!important;min-width:40px!important;margin:0!important}#gspb_iconBox-id-gsbp-cf4a85a{justify-content:center;display:flex}#gspb_iconBox-id-gsbp-cf4a85a svg,#gspb_iconBox-id-gsbp-cf4a85a svg path,#gspb_iconBox-id-gsbp-cf4a85a svg:hover,#gspb_iconBox-id-gsbp-cf4a85a svg:hover path{fill:var(--theme-link-initial-color, currentColor)!important}#gspb_heading-id-gsbp-940e556{margin-top:0}body.gspb-bodyfront #gspb_heading-id-gsbp-940e556{bottom:-20px}","footnotes":""},"class_list":["post-17176","page","type-page","status-publish","hentry"],"blocksy_meta":{"page_structure_type":"type-3","styles_descriptor":{"styles":{"desktop":"","tablet":"","mobile":""},"google_fonts":[],"version":6}},"acf":[],"_links":{"self":[{"href":"https:\/\/cenb.org.br\/pt\/wp-json\/wp\/v2\/pages\/17176","targetHints":{"allow":["GET"]}}],"collection":[{"href":"https:\/\/cenb.org.br\/pt\/wp-json\/wp\/v2\/pages"}],"about":[{"href":"https:\/\/cenb.org.br\/pt\/wp-json\/wp\/v2\/types\/page"}],"author":[{"embeddable":true,"href":"https:\/\/cenb.org.br\/pt\/wp-json\/wp\/v2\/users\/1"}],"replies":[{"embeddable":true,"href":"https:\/\/cenb.org.br\/pt\/wp-json\/wp\/v2\/comments?post=17176"}],"version-history":[{"count":5,"href":"https:\/\/cenb.org.br\/pt\/wp-json\/wp\/v2\/pages\/17176\/revisions"}],"predecessor-version":[{"id":126577,"href":"https:\/\/cenb.org.br\/pt\/wp-json\/wp\/v2\/pages\/17176\/revisions\/126577"}],"wp:attachment":[{"href":"https:\/\/cenb.org.br\/pt\/wp-json\/wp\/v2\/media?parent=17176"}],"curies":[{"name":"wp","href":"https:\/\/api.w.org\/{rel}","templated":true}]}}