{"id":17374,"date":"2025-02-17T19:24:48","date_gmt":"2025-02-17T19:24:48","guid":{"rendered":"http:\/\/arquivocenb.local\/?page_id=17374"},"modified":"2025-09-05T14:54:31","modified_gmt":"2025-09-05T14:54:31","slug":"aboutcenb","status":"publish","type":"page","link":"https:\/\/cenb.org.br\/pt\/aboutcenb\/","title":{"rendered":"Quem Somos"},"content":{"rendered":"<div class=\"wp-block-greenshift-blocks-row gspb_row gspb_row-id-gsbp-2152771\" id=\"gspb_row-id-gsbp-2152771\"><div class=\"gspb_row__content\"> \n<div class=\"wp-block-greenshift-blocks-row-column gspb_row__col--12 gspb_col-id-gsbp-b42585e\" id=\"gspb_col-id-gsbp-b42585e\">\n<h1 id=\"gspb_heading-id-gsbp-5f71a739-2fe1\" class=\"gspb_heading gspb_heading-id-gsbp-5f71a739-2fe1\">Quem Somos<\/h1>\n\n\n\n<div id=\"01\" class=\"wp-block-group is-layout-constrained wp-block-group-is-layout-constrained\">\n<h4 id=\"gspb_heading-id-gsbp-dcfd989\" class=\"gspb_heading gspb_heading-id-gsbp-dcfd989\">Vis\u00e3o Geral<\/h4>\n<\/div>\n\n\n\n<div class=\"wp-block-greenshift-blocks-row gspb_row gspb_row-id-gsbp-0f24a05\" id=\"gspb_row-id-gsbp-0f24a05\"><div class=\"gspb_row__content\"> \n<div class=\"wp-block-greenshift-blocks-row-column gspb_row__col--4 gspb_col-id-gsbp-e6e339e\" id=\"gspb_col-id-gsbp-e6e339e\">\n<div class=\"wp-block-greenshift-blocks-image gspb_image gspb_image-id-gsbp-db15b1f\" id=\"gspb_image-id-gsbp-db15b1f\"><img decoding=\"async\" src=\"https:\/\/cenb.org.br\/wp-content\/uploads\/2025\/03\/era.jpg\" data-src=\"\" alt=\"\" loading=\"lazy\" width=\"153\" height=\"280\"\/><\/div>\n\n\n\n<div id=\"gspb_text-id-gsbp-308ce89\" class=\"gspb_text gspb_text-id-gsbp-308ce89\">Capa da revista oficial do Doy\u014dkai \u201cJidai (\u00c9RA)\u201d.<br>(Edi\u00e7\u00e3o n\u00ba 11, publicada em 1950)<\/div>\n<\/div>\n\n\n\n<div class=\"wp-block-greenshift-blocks-row-column gspb_row__col--8 gspb_col-id-gsbp-d547722\" id=\"gspb_col-id-gsbp-d547722\">\n<h2 id=\"gspb_heading-id-gsbp-6daae49\" class=\"gspb_heading gspb_heading-id-gsbp-6daae49\"><strong>Do Doy\u014dkai<\/strong><br><strong>Ao Centro de Estudos Nipo-Brasileiros<\/strong><br><strong>E o Presente<\/strong><\/h2>\n\n\n\n<div id=\"gspb_text-id-gsbp-2f54179\" class=\"gspb_text gspb_text-id-gsbp-2f54179\">As origens do CENB remontam ao grupo Doy\u014dkai (Grupo S\u00e1bado), formado logo ap\u00f3s o t\u00e9rmino da Segunda Guerra Mundial por alguns membros da intelectualidade japonesa radicados no Brasil.\u00a0<strong>O Doy\u014dkai&nbsp;<\/strong>tinha por principal objetivo lan\u00e7ar-se ao estudo da cultura e da sociedade brasileiras e, nesse contexto, situar o fen\u00f4meno da imigra\u00e7\u00e3o japonesa, sobre o que ent\u00e3o edificar-se-iam ideias que norteassem suas vidas e a\u00e7\u00f5es. A esse fim esclarecedor prestou-se a revista confeccionada pelo grupo, Jidai (\u00c9ra), cujo \u00faltimo n\u00famero (o d\u00e9cimo sexto) veio a lume em mar\u00e7o de 1953.<br><br>Em seguida, criou-se, por obra de alguns membros do Doy\u014dkai,&nbsp;<strong>o C\u00edrculo de Estudos de Ci\u00eancias Humanas de S\u00e3o Paulo, antecessor do atual Centro de Estudos Nipo-Brasileiros.\u00a0<\/strong>As atividades desse grupo concentravam-se sobre as \u00e1reas de investiga\u00e7\u00e3o de hist\u00f3ria e sociologia do Brasil, al\u00e9m de buscar maior compreens\u00e3o sobre as popula\u00e7\u00f5es de origem japonesa neste pa\u00eds; encontros peri\u00f3dicos eram realizados a fim de discutirem-se os temas pesquisados (os resultados dessas pesquisas foram publicados nos quatro volumes que comp\u00f5em a&nbsp;<strong>s\u00e9rie \u00a8Caderno de Estudos Brasileiros\u00a8<\/strong>).<br><br>As atividades do C\u00edrculo de Estudos prosseguiram durante quinze anos ininterruptos, at\u00e9 \u00e0 cria\u00e7\u00e3o do atual Centro de Estudos Nipo-Brasileiros, em mar\u00e7o de 1965, sendo esse o fruto natural do curso evolutivo da antiga entidade.&nbsp;<strong>O Centro de Estudos Nipo-Brasileiros&nbsp;<\/strong>foi respons\u00e1vel pela forma\u00e7\u00e3o de diversos pesquisadores, tais como os j\u00e1 falecidos&nbsp;<a href=\"\/pt\/researcher\/hiroshi-saito\/\">Hiroshi Sait\u014d&nbsp;<\/a>(soci\u00f3logo, ex-professor da Universidade de S\u00e3o Paulo) e&nbsp;<a href=\"\/pt\/researcher\/teiichi-suzuki\/\">Teiichi Suzuki&nbsp;<\/a>(ex-professor da Universidade de S\u00e3o Paulo, primeiro presidente da Casa de Cultura Japonesa-USP), bem como&nbsp;<a href=\"\/pt\/researcher\/takashi-maeyama\/\">Prof. Takashi Maeyama\u00a0<\/a>(antrop\u00f3logo, ex-professor da Universidade de Shizuoka), Chiyoko Mita (professora da Universidade Sofia\/antropologia social) e&nbsp;<a href=\"\/pt\/researcher\/koichi-mori\/\">K\u014dichi Mori<\/a>(antrop\u00f3logo, professor da Universidade de S\u00e3o Paulo), todos pesquisadores destacados em seus respectivos campos de estudo. O objetivo por tr\u00e1s da transforma\u00e7\u00e3o do \u201cC\u00edrculo de Estudos\u201d em \u201cCentro de Estudos\u201d era assinalar a mudan\u00e7a do enfoque que se adotava, isto \u00e9, de \u201cestudos brasileiros\u201d para \u201cestudos sobre imigra\u00e7\u00e3o japonesa e temas afins\u201d (tema n\u00e3o-raro visto com desaten\u00e7\u00e3o ou menosprezo).<\/div>\n<\/div>\n <\/div><\/div>\n\n\n\n<div class=\"wp-block-greenshift-blocks-row gspb_row gspb_row-id-gsbp-a8fd643\" id=\"gspb_row-id-gsbp-a8fd643\"><div class=\"gspb_row__content\"> \n<div class=\"wp-block-greenshift-blocks-row-column gspb_row__col--4 gspb_col-id-gsbp-62c9e84\" id=\"gspb_col-id-gsbp-62c9e84\">\n<div id=\"gspb_text-id-gsbp-f9a3221\" class=\"gspb_text gspb_text-id-gsbp-f9a3221\">Desde ent\u00e3o, v\u00eam sendo objeto de estudos da presente entidade os seguintes temas:<strong><br><br>1. Hist\u00f3ria da imigra\u00e7\u00e3o japonesa ao Brasil<br>2. Estudos sobre a \u201ccol\u00f4nia japonesa\u201d no Brasil.<br>3. Hist\u00f3ria das rela\u00e7\u00f5es bilaterais Brasil-Jap\u00e3o.<br><br><\/strong>No entanto, a comunidade nipo-brasileira passou por transforma\u00e7\u00f5es significativas desde os anos 1990, e o CENB n\u00e3o poderia ficar alheio a essas mudan\u00e7as. Comprometidos em acompanhar essa evolu\u00e7\u00e3o, nossa diretoria conduziu um amplo processo de consulta com representantes de diversas \u00e1reas e setores da comunidade. Como resultado desse di\u00e1logo aberto e participativo, tomamos a decis\u00e3o estrat\u00e9gica de promover ainda mais a integra\u00e7\u00e3o de nossa organiza\u00e7\u00e3o na sociedade brasileira. <br><br>Esta escolha reflete nosso desejo de fortalecer os la\u00e7os entre as culturas japonesa e brasileira, criando pontes que beneficiem ambas as comunidades. Com esse objetivo, inclu\u00edmos os seguintes temas de interesse em nosso escopo de pesquisa:<strong><br><br>4. A transforma\u00e7\u00e3o da cultura japonesa no Brasil<br>5. Pesquisa e divulga\u00e7\u00e3o da cultura japonesa<\/strong><\/div>\n<\/div>\n\n\n\n<div class=\"wp-block-greenshift-blocks-row-column gspb_row__col--8 gspb_col-id-gsbp-c66a46b\" id=\"gspb_col-id-gsbp-c66a46b\">\n<div class=\"wp-block-greenshift-blocks-image gspb_image gspb_image-id-gsbp-9bdf9eb\" id=\"gspb_image-id-gsbp-9bdf9eb\"><img decoding=\"async\" src=\"https:\/\/cenb.org.br\/wp-content\/uploads\/2025\/03\/miyao.jpg\" data-src=\"\" alt=\"\" loading=\"lazy\" width=\"156\" height=\"274\"\/><\/div>\n\n\n\n<div id=\"gspb_text-id-gsbp-ff65be6\" class=\"gspb_text gspb_text-id-gsbp-ff65be6\">Ex-diretor e  Conselheiro, Sr. Susumu Miyao ( 1930 - 2016 )<\/div>\n<\/div>\n <\/div><\/div>\n\n\n\n<div id=\"02\" class=\"wp-block-group is-layout-constrained wp-block-group-is-layout-constrained\">\n<h4 id=\"gspb_heading-id-gsbp-1a6c184\" class=\"gspb_heading gspb_heading-id-gsbp-1a6c184\">Cria\u00e7\u00e3o da nossa filial no Jap\u00e3o<\/h4>\n<\/div>\n\n\n\n<div id=\"gspb_text-id-gsbp-e3a864d\" class=\"gspb_text gspb_text-id-gsbp-e3a864d\">As atividades de divulga\u00e7\u00e3o do Centro no Jap\u00e3o nasceram com um prop\u00f3sito claro: fortalecer a colabora\u00e7\u00e3o com os pesquisadores japoneses que j\u00e1 fizeram parte da nossa comunidade acad\u00eamica. Nosso objetivo inicial era tamb\u00e9m facilitar o interc\u00e2mbio de estudantes de pesquisa interessados em utilizar os valiosos documentos sobre a hist\u00f3ria da imigra\u00e7\u00e3o dispon\u00edveis em nossa institui\u00e7\u00e3o.\n<br><br>\nA partir de 2011, iniciamos os preparativos para a cria\u00e7\u00e3o de uma filial local, um projeto que mobilizou diversas pessoas interessadas, comprometidas com nossa miss\u00e3o. Esses esfor\u00e7os dedicados culminaram na funda\u00e7\u00e3o oficial da filial em junho de 2013, determinando um marco importante em nossa expans\u00e3o internacional. \n<br><br>\n## Consolida\u00e7\u00e3o e Reconhecimento Oficial:\n<br>\nPara garantir maior responsabilidade social e legitimidade \u00e0s nossas atividades no territ\u00f3rio japon\u00eas, demos um passo fundamental em abril de 2014: nossa filial foi oficialmente aprovada como uma organiza\u00e7\u00e3o sem fins lucrativos (NPO). Esse reconhecimento representa n\u00e3o apenas uma valida\u00e7\u00e3o institucional, mas tamb\u00e9m um compromisso com a transpar\u00eancia e o impacto social positivo.\n<br><br>\n## Autonomia e Perspectivas Futuras:\n<br>\nCom a aprova\u00e7\u00e3o da nossa sede matriz, a filial japonesa opera com autonomia em tr\u00eas pilares fundamentais: recursos humanos, opera\u00e7\u00f5es comerciais e gest\u00e3o financeira. Essa estrutura independente nos permite responder de forma mais \u00e1gil \u00e0s necessidades locais, enquanto mantemos alinhamento com nossos valores e objetivos globais.\n<br><br>\nOlhamos para o futuro com otimismo, confiantes de que essa autonomia operacional impulsionar\u00e1 tanto nossas atividades quanto nosso desenvolvimento cont\u00ednuo no mercado japon\u00eas, sempre em sintonia com as diretrizes estabelecidas pela nossa organiza\u00e7\u00e3o principal.<br><br><strong>Atividades<\/strong><br>1. Pesquisa e estudos desenvolvidos pelos pesquisadores jovens<br>2. Pesquisa sobre as rela\u00e7\u00f5es entre o Brasil e o Jap\u00e3o<br>3. Realiza\u00e7\u00e3o de palestras, grupos de estudo e treinamento<\/div>\n\n\n\n<p class=\"has-text-align-right\">Atualiza\u00e7\u00e3o em 6 de mar\u00e7o de 2021<\/p>\n<\/div>\n <\/div><\/div>","protected":false},"excerpt":{"rendered":"","protected":false},"author":1,"featured_media":0,"parent":0,"menu_order":0,"comment_status":"closed","ping_status":"closed","template":"","meta":{"_acf_changed":false,"_gspb_post_css":"#gspb_row-id-gsbp-2152771{justify-content:space-between;margin-top:0;margin-bottom:0;display:flex;flex-wrap:wrap}#gspb_row-id-gsbp-2152771>.gspb_row__content{display:flex;margin:0 auto;width:100%;flex-wrap:wrap;justify-content:center}div[id^=gspb_col-id]{box-sizing:border-box;position:relative;padding:var(--gs-row-column-padding, 15px min(3vw, 20px))}body.gspb-bodyfront #gspb_row-id-gsbp-2152771>.gspb_row__content{width:var(--theme-container-width, 1200px);max-width:var(--theme-normal-container-max-width, 1200px)}#gspb_col-id-gsbp-b42585e.gspb_row__col--12{width:100%}@media (max-width:575.98px){#gspb_col-id-gsbp-b42585e.gspb_row__col--12{width:100%}}@media (min-width:992px){body.gspb-bodyfront #gspb_col-id-gsbp-b42585e.gspb_row__col--12{width:calc(80% - 0px - 0px)}}#gspb_heading-id-gsbp-5f71a739-2fe1{font-size:39px}@media (max-width:575.98px){#gspb_heading-id-gsbp-5f71a739-2fe1,#gspb_heading-id-gsbp-5f71a739-2fe1 .gsap-g-line{text-align:center!important}}#gspb_heading-id-gsbp-5f71a739-2fe1{margin-top:0;margin-bottom:25px}#gspb_heading-id-gsbp-dcfd989{font-size:23px}@media (max-width:575.98px){#gspb_heading-id-gsbp-dcfd989,#gspb_heading-id-gsbp-dcfd989 .gsap-g-line{text-align:center!important}}#gspb_heading-id-gsbp-dcfd989{margin-top:38px;margin-bottom:25px}#gspb_row-id-gsbp-0f24a05{justify-content:space-between;display:flex;flex-wrap:wrap;margin-top:0;margin-bottom:40px}#gspb_row-id-gsbp-0f24a05>.gspb_row__content{display:flex;justify-content:space-between;margin:0 auto;width:100%;flex-wrap:wrap}body.gspb-bodyfront #gspb_row-id-gsbp-0f24a05>.gspb_row__content{width:var(--theme-container-width, 1200px);max-width:var(--theme-normal-container-max-width, 1200px)}#gspb_col-id-gsbp-e6e339e.gspb_row__col--4{width:33.333333333333336%}@media (max-width:575.98px){#gspb_col-id-gsbp-e6e339e.gspb_row__col--4{width:100%}}@media (min-width:992px){body.gspb-bodyfront #gspb_col-id-gsbp-e6e339e.gspb_row__col--4{width:calc(24.980000000000004% - 0px - 0px)}}@media (max-width:575.98px){#gspb_image-id-gsbp-db15b1f{text-align:center}}.gspb_text-id-gsbp-308ce89{font-size:12px}@media (max-width:575.98px){.gspb_text-id-gsbp-308ce89,.gspb_text-id-gsbp-308ce89 .gsap-g-line{text-align:center!important}}.gspb_text-id-gsbp-308ce89{color:var(--wp--preset--color--palette-color-4, var(--theme-palette-color-4, #192c27))}@media (max-width:575.98px){.gspb_text-id-gsbp-308ce89{margin-top:20px!important}}#gspb_col-id-gsbp-d547722.gspb_row__col--8{width:66.66666666666667%}@media (max-width:575.98px){#gspb_col-id-gsbp-d547722.gspb_row__col--8{width:100%}}@media (min-width:992px){body.gspb-bodyfront #gspb_col-id-gsbp-d547722.gspb_row__col--8{width:calc(75% - 0px - 0px)}}#gspb_heading-id-gsbp-6daae49{font-size:38px;line-height:1.3em}@media (max-width:991.98px){#gspb_heading-id-gsbp-6daae49{font-size:30px}}@media (max-width:575.98px){#gspb_heading-id-gsbp-6daae49,#gspb_heading-id-gsbp-6daae49 .gsap-g-line{text-align:center!important}}#gspb_heading-id-gsbp-6daae49{color:var(--wp--preset--color--palette-color-4, var(--theme-palette-color-4, #192c27));margin-top:0;margin-bottom:30px}@media (max-width:575.98px){.gspb_text-id-gsbp-2f54179,.gspb_text-id-gsbp-2f54179 .gsap-g-line{text-align:left!important}}.gspb_text-id-gsbp-2f54179{color:var(--wp--preset--color--palette-color-4, var(--theme-palette-color-4, #192c27))}#gspb_row-id-gsbp-a8fd643{justify-content:space-between;display:flex;flex-wrap:wrap;margin-top:0;margin-bottom:40px}#gspb_row-id-gsbp-a8fd643>.gspb_row__content{display:flex;justify-content:space-between;margin:0 auto;width:100%;flex-wrap:wrap}.gspb_row{position:relative}body.gspb-bodyfront #gspb_row-id-gsbp-a8fd643>.gspb_row__content{width:var(--theme-container-width, 1200px);max-width:var(--theme-normal-container-max-width, 1200px)}#gspb_col-id-gsbp-62c9e84.gspb_row__col--4{width:33.333333333333336%}@media (max-width:575.98px){#gspb_col-id-gsbp-62c9e84.gspb_row__col--4{width:100%}}@media (min-width:992px){body.gspb-bodyfront #gspb_col-id-gsbp-62c9e84.gspb_row__col--4{width:calc(75% - 0px - 0px)}}@media (max-width:575.98px){.gspb_text-id-gsbp-f9a3221,.gspb_text-id-gsbp-f9a3221 .gsap-g-line{text-align:left!important}}.gspb_text-id-gsbp-f9a3221{color:var(--wp--preset--color--palette-color-4, var(--theme-palette-color-4, #192c27))}#gspb_col-id-gsbp-c66a46b.gspb_row__col--8{width:66.66666666666667%}@media (max-width:575.98px){#gspb_col-id-gsbp-c66a46b.gspb_row__col--8{width:100%}}@media (min-width:992px){body.gspb-bodyfront #gspb_col-id-gsbp-c66a46b.gspb_row__col--8{width:calc(24.980000000000004% - 0px - 0px)}}@media (max-width:575.98px){#gspb_image-id-gsbp-9bdf9eb{text-align:center}}#gspb_image-id-gsbp-9bdf9eb img,#gspb_image-id-gsbp-db15b1f img{vertical-align:top;display:inline-block;box-sizing:border-box;max-width:100%;height:auto}.gspb_text-id-gsbp-ff65be6{font-size:12px}@media (max-width:575.98px){.gspb_text-id-gsbp-ff65be6,.gspb_text-id-gsbp-ff65be6 .gsap-g-line{text-align:center!important}}.gspb_text-id-gsbp-ff65be6{color:var(--wp--preset--color--palette-color-4, var(--theme-palette-color-4, #192c27))}@media (max-width:575.98px){.gspb_text-id-gsbp-ff65be6{margin-top:20px!important}}#gspb_heading-id-gsbp-1a6c184{font-size:23px}@media (max-width:575.98px){#gspb_heading-id-gsbp-1a6c184,#gspb_heading-id-gsbp-1a6c184 .gsap-g-line{text-align:center!important}}#gspb_heading-id-gsbp-1a6c184{margin-top:0;margin-bottom:25px}@media (max-width:575.98px){.gspb_text-id-gsbp-e3a864d,.gspb_text-id-gsbp-e3a864d .gsap-g-line{text-align:left!important}}.gspb_text-id-gsbp-e3a864d{color:var(--wp--preset--color--palette-color-4, var(--theme-palette-color-4, #192c27))}","footnotes":""},"class_list":["post-17374","page","type-page","status-publish","hentry"],"blocksy_meta":{"has_hero_section":"disabled","vertical_spacing_source":"inherit","content_area_spacing":"none","styles_descriptor":{"styles":{"desktop":"","tablet":"","mobile":""},"google_fonts":[],"version":6},"page_structure_type":"type-1"},"acf":[],"_links":{"self":[{"href":"https:\/\/cenb.org.br\/pt\/wp-json\/wp\/v2\/pages\/17374","targetHints":{"allow":["GET"]}}],"collection":[{"href":"https:\/\/cenb.org.br\/pt\/wp-json\/wp\/v2\/pages"}],"about":[{"href":"https:\/\/cenb.org.br\/pt\/wp-json\/wp\/v2\/types\/page"}],"author":[{"embeddable":true,"href":"https:\/\/cenb.org.br\/pt\/wp-json\/wp\/v2\/users\/1"}],"replies":[{"embeddable":true,"href":"https:\/\/cenb.org.br\/pt\/wp-json\/wp\/v2\/comments?post=17374"}],"version-history":[{"count":23,"href":"https:\/\/cenb.org.br\/pt\/wp-json\/wp\/v2\/pages\/17374\/revisions"}],"predecessor-version":[{"id":40705,"href":"https:\/\/cenb.org.br\/pt\/wp-json\/wp\/v2\/pages\/17374\/revisions\/40705"}],"wp:attachment":[{"href":"https:\/\/cenb.org.br\/pt\/wp-json\/wp\/v2\/media?parent=17374"}],"curies":[{"name":"wp","href":"https:\/\/api.w.org\/{rel}","templated":true}]}}