{"id":20428,"date":"2025-03-28T00:11:44","date_gmt":"2025-03-28T00:11:44","guid":{"rendered":"https:\/\/dev.cenb.org.br\/?page_id=20428"},"modified":"2026-04-15T13:53:56","modified_gmt":"2026-04-15T13:53:56","slug":"books","status":"publish","type":"page","link":"https:\/\/cenb.org.br\/pt\/books\/","title":{"rendered":"Publica\u00e7\u00f5es \u00e0 Venda"},"content":{"rendered":"\n\n\n<h2 id=\"gspb_heading-id-gsbp-23b48f0\" class=\"gspb_heading gspb_heading-id-gsbp-23b48f0 \">\u30b5\u30f3\u30d1\u30a6\u30ed\u4eba\u6587\u79d1\u5b66\u7814\u7a76\u6240\u3000\u8ca9\u58f2\u66f8\u7c4d<\/h2>\n\n\n\n<div id=\"gspb_text-id-gsbp-e888305\" class=\"gspb_text gspb_text-id-gsbp-e888305 \">\u5f53\u7814\u7a76\u6240\u304c\u8ca9\u58f2\u3057\u3066\u3044\u308b\u66f8\u7c4d\u306f\u3001\u7814\u7a76\u6240\u3067\u306e\u76f4\u63a5\u8cfc\u5165\u304c\u53ef\u80fd\u3067\u3059\u3002\uff08\u8cfc\u5165\u306e\u969b\u306f\u4e88\u7d04\u4e0d\u8981\uff1a\u5e73\u65e514:00-18:00\uff09<br>\u307e\u305f\u3001\u30d6\u30e9\u30b8\u30eb\u56fd\u5185\u30fb\u56fd\u5916\u304b\u3089\u306e\u8cfc\u5165\u4f9d\u983c\u3082\u627f\u308a\u307e\u3059\u3002\u9001\u91d1\u65b9\u6cd5\u3001\u9001\u6599\u306b\u3064\u3044\u3066\u306f\u3001\u500b\u5225\u3067\u306e\u304a\u554f\u3044\u5408\u308f\u305b\u3092\u304a\u9858\u3044\u3057\u307e\u3059\u3002<\/div>\n\n\n\n<div style=\"height:60px\" aria-hidden=\"true\" class=\"wp-block-spacer\"><\/div>\n\n\n\n<div id=\"01\" class=\"wp-block-group is-nowrap is-layout-flex wp-container-core-group-is-layout-5c4495dd wp-block-group-is-layout-flex\">\n<div class=\"wp-block-greenshift-blocks-iconbox gspb_iconBox gspb_iconBox-id-gsbp-cf4a85a\" id=\"gspb_iconBox-id-gsbp-cf4a85a\"><div class=\"gspb_iconBox__wrapper\" style=\"display:inline-flex\"><svg class=\"\" style=\"display:inline-block;vertical-align:middle\" width=\"72\" height=\"72\" viewBox=\"0 0 1024 1024\" xmlns=\"https:\/\/www.w3.org\/2000\/svg\"><path style=\"fill:#565D66\" d=\"M896 128v832h-672c-53.026 0-96-42.98-96-96s42.974-96 96-96h608v-768h-640c-70.398 0-128 57.6-128 128v768c0 70.4 57.602 128 128 128h768v-896h-64z\"><\/path><path style=\"fill:#565D66\" d=\"M224.056 832v0c-0.018 0.002-0.038 0-0.056 0-17.672 0-32 14.326-32 32s14.328 32 32 32c0.018 0 0.038-0.002 0.056-0.002v0.002h607.89v-64h-607.89z\"><\/path><\/svg><\/div><\/div>\n\n\n\n<h3 id=\"gspb_heading-id-gsbp-940e556\" class=\"\u5165\u4f1a\u7533\u3057\u8fbc\u307f gspb_heading gspb_heading-id-gsbp-940e556 \">\u8ca9\u58f2\u66f8\u7c4d\u4e00\u89a7<\/h3>\n<\/div>\n\n\n\n<div id=\"gspb_text-id-gsbp-bc66b19\" class=\"gspb_text gspb_text-id-gsbp-bc66b19 \">\u8ca9\u58f2\u66f8\u7c4d\u306e\u30ea\u30b9\u30c8\u306f\u3001\u4e0b\u8a18\u306b\u306a\u308a\u307e\u3059\u3002<\/div>\n\n\n\n<div id=\"gspb_text-id-gsbp-4e7b191\" class=\"gspb_text gspb_text-id-gsbp-4e7b191 \">\u203b\u691c\u7d22\u306f3\u6587\u5b57\u4ee5\u4e0a\u3067\u5165\u529b\u3057\u3066\u304f\u3060\u3055\u3044<\/div>\n\n\n\r\n      \t\t            <style id=\"ymc-custom-css-40189-1\">\/* Search &amp;Filter \u306e\u691c\u7d22\u30dc\u30bf\u30f3\u3092\u304a\u554f\u3044\u5408\u308f\u305b\u30dc\u30bf\u30f3\u3068\u540c\u3058\u8272\u306b *\/button.button--primary.js-search-button{background-color:#046565 !important;\/* \u901a\u5e38\u6642\u306e\u7dd1 *\/ border-color:#046565 !important;color:#ffffff !important;\/* \u6587\u5b57\u8272\u306f\u767d *\/}button.button--primary.js-search-button:hover{background-color:#55a630 !important;\/* \u30db\u30d0\u30fc\u6642\u306e\u9ec4\u7dd1 *\/ border-color:#55a630 !important}<\/style>\r\n\t\t\r\n                \r\n\t\t<div id=\"ymc-filter-1\"\r\n             class=\"ymc ymc-filter-grids ymc-container js-ymc-container ymc-filter-40189 ymc-filter-40189-1\"\r\n             data-params=\"{&quot;post_types&quot;:[&quot;hanbai&quot;],&quot;taxonomies&quot;:[&quot;bunrui&quot;,&quot;zaiko&quot;,&quot;idioma&quot;],&quot;terms&quot;:[1088,1092,1094,1095,1096,1090,1091,1093,1089,1061,1062,1065,1043,1042,1079,1044],&quot;preloader_settings&quot;:{&quot;icon&quot;:&quot;dual_arc&quot;,&quot;filter_preloader&quot;:&quot;none&quot;,&quot;custom_filters_css&quot;:&quot;&quot;},&quot;filter_id&quot;:40189,&quot;counter&quot;:1,&quot;page_id&quot;:0,&quot;paged&quot;:1}\"\r\n             data-loading-enabled=\"true\"\r\n             data-grid-style=\"grid\"\r\n             data-filter-id=\"40189\">\r\n\t\t\t\r\n\t    <style>\r\n\t    .ymc-filter-40189, .ymc-extra-filter-40189 {\r\n\t        --ymc-filter-font-family: Montserrat;\r\n\t        --ymc-filter-font-size: 16px;\r\n\t        --ymc-filter-font-weight: 400;\r\n\t        --ymc-filter-font-style: normal;\r\n\t        --ymc-filter-line-height: 1.4;\r\n\t        --ymc-filter-letter-spacing: 1;\r\n\t        --ymc-filter-text-transform: none;\r\n\t        --ymc-filter-background-color: #095c81;\r\n\t        --ymc-filter-color: #ffffff;\r\n\t        --ymc-filter-active-color: #ffffff;\r\n\t        --ymc-filter-active-background-color: #1f1f1f;\r\n\t        --ymc-filter-hover-text-color: #ffffff;\r\n\t        --ymc-filter-hover-background-color: #095c81;\r\n\t        --ymc-filter-justify-content: flex-start;\r\n\t        --ymc-filter-padding-top: 10px;\n--ymc-filter-padding-right: 20px;\n--ymc-filter-padding-bottom: 10px;\n--ymc-filter-padding-left: 20px;\n\r\n\t        --ymc-filter-margin-top: 0px;\n--ymc-filter-margin-right: 10px;\n--ymc-filter-margin-bottom: 10px;\n--ymc-filter-margin-left: 0px;\n\r\n\t\r\n\t        --ymc-post-title-font-family: Montserrat;\r\n\t        --ymc-post-title-font-size: 14px;\r\n\t        --ymc-post-title-font-weight: 600;\r\n\t        --ymc-post-title-text-transform: none;\r\n\t        --ymc-post-title-line-height: 1.4;\r\n\t        --ymc-post-title-letter-spacing: 1;\r\n\t        --ymc-post-title-color: #1f1f1f;\r\n\t\r\n\t        --ymc-post-meta-font-family: Montserrat;\r\n\t        --ymc-post-meta-font-size: 13px;\r\n\t        --ymc-post-meta-font-weight: 400;\r\n\t        --ymc-post-meta-color: #1f1f1f;\r\n\t\r\n\t        --ymc-post-excerpt-font-family: Montserrat;\r\n\t        --ymc-post-excerpt-font-size: 16px;\r\n\t        --ymc-post-excerpt-font-weight: 400;\r\n\t        --ymc-post-excerpt-line-height: 1.4;\r\n\t        --ymc-post-excerpt-font-style: normal;\r\n\t        --ymc-post-excerpt-transform: none;\r\n\t        --ymc-post-excerpt-letter-spacing: 1;\r\n\t        --ymc-post-excerpt-color: #1f1f1f;\r\n\t\r\n\t        --ymc-post-link-font-family: Montserrat;\r\n\t        --ymc-post-link-font-size: 16px;\r\n\t        --ymc-post-link-font-weight: 400;\r\n\t        --ymc-post-link-transform: none;\r\n\t        --ymc-post-link-letter-spacing: 1;\r\n\t        --ymc-post-link-color: #1f1f1f;\r\n\t    }\r\n\t    <\/style>\n<div class=\"filter-posts-wrapper\">\n\t\t\r\n<div class=\"filter-posts-search\">\r\n    <div class=\"search-form\">\r\n        <div class=\"search-wrapper\">\r\n            <input type=\"text\" class=\"search-field js-search-field\"\r\n                   name=\"search_field\"\r\n                   placeholder=\"Search...\"\r\n                   autocomplete=\"off\"\r\n                   data-grid-id=\"40189\"\r\n                   data-state-autocomplete=\"yes\"\r\n                   data-search-mode=\"filtered\"\r\n                   data-post-title\r\n                   value=\"\" \/>\r\n            <span class=\"clear-button js-clear-button\" title=\"Clear\">&times;<\/span>\r\n        <\/div>\r\n        <div class=\"autocomplete-results js-autocomplete-results\"><\/div>\r\n        <button class=\"button button--primary js-search-button\" type=\"button\">\r\n            Search<\/button>\r\n    <\/div>\r\n<\/div>\r\n\r\n\r\n\t    <div class=\"filter-layout filter-layout--top\">\n                <div class=\"filter-section filter-section--top\">\n\t        \t        \r\n         <div class=\"filter filter-dropdown filter-dropdown-top filter-bunrui-zaiko-idioma filter-40189\"\r\n               data-filter-type=\"dropdown\"\r\n               data-selection-mode=\"multiple\">\r\n               \r\n               <div class=\"filter-dropdown-inner\">\r\n                  <div class=\"ymc-dropdown js-dropdown\"\r\n                        data-label=\"\u5206\u985e\"\r\n                        data-term-count=\"9\"\r\n                        data-term-threshold=\"40\"\r\n                        data-all-terms=\"[1088,1092,1094,1095,1096,1090,1091,1093,1089]\">\r\n\r\n                                                <div class=\"ymc-dropdown__selected is-compact js-dropdown-selected\" >\r\n                              <span class=\"ymc-dropdown__label js-dropdown-label\">\r\n                                 \u5206\u985e                              <\/span>\r\n                              <span class=\"ymc-dropdown__arrow\" aria-hidden=\"true\"><\/span>\r\n                           <\/div>\r\n                     \r\n                     <ul class=\"ymc-dropdown__list\">\r\n                           <li class=\"ymc-dropdown__close\">\r\n                              <button type=\"button\" class=\"dropdown-close-btn\" aria-label=\"Close dropdown\">\u00d7<\/button>\r\n                           <\/li>\r\n                           \r\n        <li class=\"ymc-dropdown__item js-dropdown-item \">\r\n            <label class=\"ymc-dropdown__checkbox\">\r\n               <input type=\"checkbox\" value=\"1088\" data-value=\"1088\">\r\n               <span class=\"checkmark\"><\/span>\r\n\t            <span class=\"term-name\" >00 | \u7dcf\u8a18<\/span>                \r\n               \r\n                                          <\/label>\r\n        <\/li>\r\n\r\n\t\t\r\n        <li class=\"ymc-dropdown__item js-dropdown-item \">\r\n            <label class=\"ymc-dropdown__checkbox\">\r\n               <input type=\"checkbox\" value=\"1092\" data-value=\"1092\">\r\n               <span class=\"checkmark\"><\/span>\r\n\t            <span class=\"term-name\" >01 | \u79fb\u6c11 Imigra\u00e7\u00e3o Japonesa<\/span>                \r\n               \r\n                                          <\/label>\r\n        <\/li>\r\n\r\n\t\t\r\n        <li class=\"ymc-dropdown__item js-dropdown-item \">\r\n            <label class=\"ymc-dropdown__checkbox\">\r\n               <input type=\"checkbox\" value=\"1094\" data-value=\"1094\">\r\n               <span class=\"checkmark\"><\/span>\r\n\t            <span class=\"term-name\" >02 | \u8fb2\u696d\u30fb\u81ea\u7136 Agricultura<\/span>                \r\n               \r\n                                          <\/label>\r\n        <\/li>\r\n\r\n\t\t\r\n        <li class=\"ymc-dropdown__item js-dropdown-item \">\r\n            <label class=\"ymc-dropdown__checkbox\">\r\n               <input type=\"checkbox\" value=\"1095\" data-value=\"1095\">\r\n               <span class=\"checkmark\"><\/span>\r\n\t            <span class=\"term-name\" >04 | \u6559\u80b2\u30fb\u8a00\u8a9e Educa\u00e7\u00e3o<\/span>                \r\n               \r\n                                          <\/label>\r\n        <\/li>\r\n\r\n\t\t\r\n        <li class=\"ymc-dropdown__item js-dropdown-item \">\r\n            <label class=\"ymc-dropdown__checkbox\">\r\n               <input type=\"checkbox\" value=\"1096\" data-value=\"1096\">\r\n               <span class=\"checkmark\"><\/span>\r\n\t            <span class=\"term-name\" >05 | \u5b97\u6559 Religi\u00e3o<\/span>                \r\n               \r\n                                          <\/label>\r\n        <\/li>\r\n\r\n\t\t\r\n        <li class=\"ymc-dropdown__item js-dropdown-item \">\r\n            <label class=\"ymc-dropdown__checkbox\">\r\n               <input type=\"checkbox\" value=\"1090\" data-value=\"1090\">\r\n               <span class=\"checkmark\"><\/span>\r\n\t            <span class=\"term-name\" >07 | \u56e3\u4f53\u6d3b\u52d5 Associa\u00e7\u00f5es<\/span>                \r\n               \r\n                                          <\/label>\r\n        <\/li>\r\n\r\n\t\t\r\n        <li class=\"ymc-dropdown__item js-dropdown-item \">\r\n            <label class=\"ymc-dropdown__checkbox\">\r\n               <input type=\"checkbox\" value=\"1091\" data-value=\"1091\">\r\n               <span class=\"checkmark\"><\/span>\r\n\t            <span class=\"term-name\" >08 | \u6587\u5b66 Literatura<\/span>                \r\n               \r\n                                          <\/label>\r\n        <\/li>\r\n\r\n\t\t\r\n        <li class=\"ymc-dropdown__item js-dropdown-item \">\r\n            <label class=\"ymc-dropdown__checkbox\">\r\n               <input type=\"checkbox\" value=\"1093\" data-value=\"1093\">\r\n               <span class=\"checkmark\"><\/span>\r\n\t            <span class=\"term-name\" >09 | \u82b8\u8853\u30fb\u30b9\u30dd\u30fc\u30c4 Arte\u30fbEsportes<\/span>                \r\n               \r\n                                          <\/label>\r\n        <\/li>\r\n\r\n\t\t\r\n        <li class=\"ymc-dropdown__item js-dropdown-item \">\r\n            <label class=\"ymc-dropdown__checkbox\">\r\n               <input type=\"checkbox\" value=\"1089\" data-value=\"1089\">\r\n               <span class=\"checkmark\"><\/span>\r\n\t            <span class=\"term-name\" >11 | \u5404\u56fd\u79fb\u6c11\u95a2\u4fc2 Imigra\u00e7\u00e3o em outros pa\u00edses<\/span>                \r\n               \r\n                                          <\/label>\r\n        <\/li>\r\n\r\n\t\t                     <\/ul>\r\n                  <\/div>\r\n               <\/div>\r\n         <\/div>\r\n\r\n      \r\n         <div class=\"filter filter-dropdown filter-dropdown-top filter-bunrui-zaiko-idioma filter-40189\"\r\n               data-filter-type=\"dropdown\"\r\n               data-selection-mode=\"multiple\">\r\n               \r\n               <div class=\"filter-dropdown-inner\">\r\n                  <div class=\"ymc-dropdown js-dropdown\"\r\n                        data-label=\"\u5728\u5eab\"\r\n                        data-term-count=\"3\"\r\n                        data-term-threshold=\"40\"\r\n                        data-all-terms=\"[1061,1062,1065]\">\r\n\r\n                                                <div class=\"ymc-dropdown__selected is-compact js-dropdown-selected\" >\r\n                              <span class=\"ymc-dropdown__label js-dropdown-label\">\r\n                                 \u5728\u5eab                              <\/span>\r\n                              <span class=\"ymc-dropdown__arrow\" aria-hidden=\"true\"><\/span>\r\n                           <\/div>\r\n                     \r\n                     <ul class=\"ymc-dropdown__list\">\r\n                           <li class=\"ymc-dropdown__close\">\r\n                              <button type=\"button\" class=\"dropdown-close-btn\" aria-label=\"Close dropdown\">\u00d7<\/button>\r\n                           <\/li>\r\n                           \r\n        <li class=\"ymc-dropdown__item js-dropdown-item \">\r\n            <label class=\"ymc-dropdown__checkbox\">\r\n               <input type=\"checkbox\" value=\"1061\" data-value=\"1061\">\r\n               <span class=\"checkmark\"><\/span>\r\n\t            <span class=\"term-name\" >\u5728\u5eab\u3042\u308a<\/span>                \r\n               \r\n                                          <\/label>\r\n        <\/li>\r\n\r\n\t\t\r\n        <li class=\"ymc-dropdown__item js-dropdown-item \">\r\n            <label class=\"ymc-dropdown__checkbox\">\r\n               <input type=\"checkbox\" value=\"1062\" data-value=\"1062\">\r\n               <span class=\"checkmark\"><\/span>\r\n\t            <span class=\"term-name\" >\u5728\u5eab\u306a\u3057<\/span>                \r\n               \r\n                                          <\/label>\r\n        <\/li>\r\n\r\n\t\t\r\n        <li class=\"ymc-dropdown__item js-dropdown-item \">\r\n            <label class=\"ymc-dropdown__checkbox\">\r\n               <input type=\"checkbox\" value=\"1065\" data-value=\"1065\">\r\n               <span class=\"checkmark\"><\/span>\r\n\t            <span class=\"term-name\" >\u5728\u5eab\u50c5\u5c11<\/span>                \r\n               \r\n                                          <\/label>\r\n        <\/li>\r\n\r\n\t\t                     <\/ul>\r\n                  <\/div>\r\n               <\/div>\r\n         <\/div>\r\n\r\n      \r\n         <div class=\"filter filter-dropdown filter-dropdown-top filter-bunrui-zaiko-idioma filter-40189\"\r\n               data-filter-type=\"dropdown\"\r\n               data-selection-mode=\"multiple\">\r\n               \r\n               <div class=\"filter-dropdown-inner\">\r\n                  <div class=\"ymc-dropdown js-dropdown\"\r\n                        data-label=\"\u8a00\u8a9e\"\r\n                        data-term-count=\"4\"\r\n                        data-term-threshold=\"40\"\r\n                        data-all-terms=\"[1043,1042,1079,1044]\">\r\n\r\n                                                <div class=\"ymc-dropdown__selected is-compact js-dropdown-selected\" >\r\n                              <span class=\"ymc-dropdown__label js-dropdown-label\">\r\n                                 \u8a00\u8a9e                              <\/span>\r\n                              <span class=\"ymc-dropdown__arrow\" aria-hidden=\"true\"><\/span>\r\n                           <\/div>\r\n                     \r\n                     <ul class=\"ymc-dropdown__list\">\r\n                           <li class=\"ymc-dropdown__close\">\r\n                              <button type=\"button\" class=\"dropdown-close-btn\" aria-label=\"Close dropdown\">\u00d7<\/button>\r\n                           <\/li>\r\n                           \r\n        <li class=\"ymc-dropdown__item js-dropdown-item \">\r\n            <label class=\"ymc-dropdown__checkbox\">\r\n               <input type=\"checkbox\" value=\"1043\" data-value=\"1043\">\r\n               <span class=\"checkmark\"><\/span>\r\n\t            <span class=\"term-name\" >Portugu\u00eas<\/span>                \r\n               \r\n                                          <\/label>\r\n        <\/li>\r\n\r\n\t\t\r\n        <li class=\"ymc-dropdown__item js-dropdown-item \">\r\n            <label class=\"ymc-dropdown__checkbox\">\r\n               <input type=\"checkbox\" value=\"1042\" data-value=\"1042\">\r\n               <span class=\"checkmark\"><\/span>\r\n\t            <span class=\"term-name\" >\u65e5\u672c\u8a9e<\/span>                \r\n               \r\n                                          <\/label>\r\n        <\/li>\r\n\r\n\t\t\r\n        <li class=\"ymc-dropdown__item js-dropdown-item is-disabled\">\r\n            <label class=\"ymc-dropdown__checkbox\">\r\n               <input type=\"checkbox\" value=\"1079\" data-value=\"1079\">\r\n               <span class=\"checkmark\"><\/span>\r\n\t            <span class=\"term-name\" >\u65e5\u672c\u8a9e\uff0fEnglish<\/span>                \r\n               \r\n                                          <\/label>\r\n        <\/li>\r\n\r\n\t\t\r\n        <li class=\"ymc-dropdown__item js-dropdown-item \">\r\n            <label class=\"ymc-dropdown__checkbox\">\r\n               <input type=\"checkbox\" value=\"1044\" data-value=\"1044\">\r\n               <span class=\"checkmark\"><\/span>\r\n\t            <span class=\"term-name\" >\u65e5\u672c\u8a9e\uff0fPortugu\u00eas<\/span>                \r\n               \r\n                                          <\/label>\r\n        <\/li>\r\n\r\n\t\t                     <\/ul>\r\n                  <\/div>\r\n               <\/div>\r\n         <\/div>\r\n\r\n      \t                <\/div>\n                <div class=\"filter-content\">\n                        <div class=\"posts-grid js-ajax-content ymc-cols-xxs-2 ymc-cols-xs-2 ymc-cols-sm-4 ymc-cols-md-4 ymc-cols-lg-5 ymc-cols-xl-5 ymc-col-gap-30 ymc-row-gap-30 ymc-col-gap-30 ymc-row-gap-30\"><\/div>\n\t                <\/div>\n    <\/div>\n<\/div>\n\n\t\t<\/div>\r\n\t\t\n","protected":false},"excerpt":{"rendered":"","protected":false},"author":1,"featured_media":0,"parent":0,"menu_order":0,"comment_status":"closed","ping_status":"closed","template":"","meta":{"_acf_changed":false,"_gspb_post_css":"#gspb_heading-id-gsbp-23b48f0{padding-bottom:15px}.gspb_text-id-gsbp-bc66b19,.gspb_text-id-gsbp-e888305{margin-bottom:20px!important}#gspb_iconBox-id-gsbp-cf4a85a svg{height:40px!important;width:40px!important;min-width:40px!important;margin:0!important}#gspb_iconBox-id-gsbp-cf4a85a{justify-content:center;display:flex}#gspb_iconBox-id-gsbp-cf4a85a svg,#gspb_iconBox-id-gsbp-cf4a85a svg path,#gspb_iconBox-id-gsbp-cf4a85a svg:hover,#gspb_iconBox-id-gsbp-cf4a85a svg:hover path{fill:var(--theme-link-initial-color, currentColor)!important}#gspb_heading-id-gsbp-940e556{margin-top:0}body.gspb-bodyfront #gspb_heading-id-gsbp-940e556{bottom:-20px}.gspb_text-id-gsbp-4e7b191{font-size:14px;margin-bottom:0!important}","footnotes":""},"class_list":["post-20428","page","type-page","status-publish","hentry"],"blocksy_meta":{"page_structure_type":"type-1","styles_descriptor":{"styles":{"desktop":"","tablet":"","mobile":""},"google_fonts":[],"version":6}},"acf":[],"_links":{"self":[{"href":"https:\/\/cenb.org.br\/pt\/wp-json\/wp\/v2\/pages\/20428","targetHints":{"allow":["GET"]}}],"collection":[{"href":"https:\/\/cenb.org.br\/pt\/wp-json\/wp\/v2\/pages"}],"about":[{"href":"https:\/\/cenb.org.br\/pt\/wp-json\/wp\/v2\/types\/page"}],"author":[{"embeddable":true,"href":"https:\/\/cenb.org.br\/pt\/wp-json\/wp\/v2\/users\/1"}],"replies":[{"embeddable":true,"href":"https:\/\/cenb.org.br\/pt\/wp-json\/wp\/v2\/comments?post=20428"}],"version-history":[{"count":28,"href":"https:\/\/cenb.org.br\/pt\/wp-json\/wp\/v2\/pages\/20428\/revisions"}],"predecessor-version":[{"id":122896,"href":"https:\/\/cenb.org.br\/pt\/wp-json\/wp\/v2\/pages\/20428\/revisions\/122896"}],"wp:attachment":[{"href":"https:\/\/cenb.org.br\/pt\/wp-json\/wp\/v2\/media?parent=20428"}],"curies":[{"name":"wp","href":"https:\/\/api.w.org\/{rel}","templated":true}]}}