{"id":22685,"date":"2025-06-11T00:26:42","date_gmt":"2025-06-11T00:26:42","guid":{"rendered":"https:\/\/dev.cenb.org.br\/?page_id=22685"},"modified":"2026-04-15T13:53:53","modified_gmt":"2026-04-15T13:53:53","slug":"access","status":"publish","type":"page","link":"https:\/\/cenb.org.br\/pt\/access\/","title":{"rendered":"Localiza\u00e7\u00e3o \u30fbAtendimento ao P\u00fablico"},"content":{"rendered":"<div class=\"wp-block-greenshift-blocks-row gspb_row gspb_row-id-gsbp-54f5939\" id=\"gspb_row-id-gsbp-54f5939\"><div class=\"gspb_row__content\"> \n<div class=\"wp-block-greenshift-blocks-row-column gspb_row__col--12 gspb_col-id-gsbp-736b4f8\" id=\"gspb_col-id-gsbp-736b4f8\">\n<h2 id=\"gspb_heading-id-gsbp-23b48f0\" class=\"gspb_heading gspb_heading-id-gsbp-23b48f0\">Localiza\u00e7\u00e3o \u30fbAtendimento ao P\u00fablico<\/h2>\n\n\n\n<div id=\"gspb_text-id-gsbp-2a53743\" class=\"gspb_text gspb_text-id-gsbp-2a53743\">Informa\u00e7\u00e3o sobre a localiza\u00e7\u00e3o e os dias de atendimento<\/div>\n\n\n\n<div style=\"height:40px\" aria-hidden=\"true\" class=\"wp-block-spacer\"><\/div>\n\n\n\n<div id=\"01\" class=\"wp-block-group is-nowrap is-layout-flex wp-container-core-group-is-layout-5c4495dd wp-block-group-is-layout-flex\">\n<div class=\"wp-block-greenshift-blocks-iconbox gspb_iconBox gspb_iconBox-id-gsbp-6b1daef\" id=\"gspb_iconBox-id-gsbp-6b1daef\"><div class=\"gspb_iconBox__wrapper\" style=\"display:inline-flex\"><svg class=\"\" style=\"display:inline-block;vertical-align:middle\" width=\"72\" height=\"72\" viewbox=\"0 0 896 1024\" xmlns=\"https:\/\/www.w3.org\/2000\/svg\"><path style=\"fill:#565D66\" d=\"M832 416h-768c-35.34 0-64 28.66-64 64v64c0 35.34 28.66 64 64 64h768c35.34 0 64-28.66 64-64v-64c0-35.34-28.66-64-64-64z\"><\/path><\/svg><\/div><\/div>\n\n\n\n<h3 id=\"gspb_heading-id-gsbp-784c969\" class=\"gspb_heading gspb_heading-id-gsbp-784c969\">Localiza\u00e7\u00e3o<\/h3>\n<\/div>\n\n\n\n<div style=\"height:30px\" aria-hidden=\"true\" class=\"wp-block-spacer\"><\/div>\n\n\n\n<div class=\"wp-block-greenshift-blocks-container gspb_container gspb_container-gsbp-ca1d234\" id=\"gspb_container-id-gsbp-ca1d234\">\n<iframe src=\"https:\/\/www.google.com\/maps\/embed?pb=!1m18!1m12!1m3!1d3657.2040790758447!2d-46.637712525021065!3d-23.561112861582433!2m3!1f0!2f0!3f0!3m2!1i1024!2i768!4f13.1!3m3!1m2!1s0x94ce59a6e912a3b9%3A0x9a314be7323b1508!2z44K144Oz44OR44Km44Ot5Lq65paH56eR5a2m56CU56m25omAIENlbnRybyBkZSBFc3R1ZG9zIE5pcG8gQnJhc2lsZWlyb3M!5e0!3m2!1ses!2sbr!4v1740595814283!5m2!1ses!2sbr\" width=\"100%\" height=\"500\" style=\"border:0;\" allowfullscreen=\"\" loading=\"lazy\" referrerpolicy=\"no-referrer-when-downgrade\"><\/iframe>\n<\/div>\n\n\n\n<div class=\"wp-block-stackable-columns stk-block-columns stk-block stk-d471b21\" data-block-id=\"d471b21\"><style>.stk-d471b21 {margin-bottom:40px !important;}.stk-d471b21-column{--stk-column-gap:30px !important;row-gap:30px !important;}<\/style><div class=\"stk-row stk-inner-blocks stk-block-content stk-content-align stk-d471b21-column\">\n<div class=\"wp-block-stackable-column stk-block-column stk-column stk-block stk-60eb318 stk-block-background\" data-v=\"4\" data-block-id=\"60eb318\"><style>.stk-60eb318-container{margin-top:0px !important;margin-right:0px !important;margin-bottom:0px !important;margin-left:0px !important;}.stk-60eb318 {background-color:var(--theme-palette-color-7, #faf7f5) !important;border-top-left-radius:8px !important;border-top-right-radius:8px !important;border-bottom-right-radius:8px !important;border-bottom-left-radius:8px !important;overflow:hidden !important;border-style:solid !important;border-color:var(--theme-palette-color-1, #006766) !important;border-top-width:4px !important;border-right-width:4px !important;border-bottom-width:4px !important;border-left-width:4px !important;padding-top:20px !important;padding-right:40px !important;padding-bottom:20px !important;padding-left:40px !important;}.stk-60eb318:hover{background-color:var(--theme-palette-color-7, #faf7f5) !important;}.stk-60eb318:before{background-color:var(--theme-palette-color-7, #faf7f5) !important;}.stk-60eb318:hover:before{background-color:var(--theme-palette-color-7, #faf7f5) !important;}<\/style><div class=\"stk-column-wrapper stk-block-column__content stk-container stk-60eb318-container stk--no-background stk--no-padding\"><div class=\"stk-block-content stk-inner-blocks stk-60eb318-inner-blocks\">\n<div class=\"wp-block-stackable-icon stk-block-icon has-text-align-center stk-block stk-5431aa5\" data-block-id=\"5431aa5\"><style>.stk-5431aa5 {margin-bottom:20px !important;}.stk-5431aa5 .stk--svg-wrapper .stk--inner-svg svg:last-child{height:60px !important;width:60px !important;}.stk-5431aa5 .stk--svg-wrapper .stk--inner-svg svg:last-child, .stk-5431aa5 .stk--svg-wrapper .stk--inner-svg svg:last-child :is(g, path, rect, polygon, ellipse){fill:var(--theme-palette-color-1, #006766) !important;}@media screen and (max-width:689px){.stk-5431aa5 .stk--svg-wrapper .stk--inner-svg svg:last-child{height:50px !important;width:50px !important;}}<\/style><span class=\"stk--svg-wrapper\"><div class=\"stk--inner-svg\"><svg style=\"height:0;width:0\"><defs><lineargradient id=\"linear-gradient-5431aa5\" x1=\"0\" x2=\"100%\" y1=\"0\" y2=\"0\"><stop offset=\"0%\" style=\"stop-opacity:1;stop-color:var(--linear-gradient-5431-aa-5-color-1)\"><\/stop><stop offset=\"100%\" style=\"stop-opacity:1;stop-color:var(--linear-gradient-5431-aa-5-color-2)\"><\/stop><\/lineargradient><\/defs><\/svg><svg xmlns=\"https:\/\/www.w3.org\/2000\/svg\" viewbox=\"0 0 576 512\" aria-hidden=\"true\" width=\"32\" height=\"32\"><path d=\"M408 120c0 54.6-73.1 151.9-105.2 192c-7.7 9.6-22 9.6-29.6 0C241.1 271.9 168 174.6 168 120C168 53.7 221.7 0 288 0s120 53.7 120 120zm8 80.4c3.5-6.9 6.7-13.8 9.6-20.6c.5-1.2 1-2.5 1.5-3.7l116-46.4C558.9 123.4 576 135 576 152V422.8c0 9.8-6 18.6-15.1 22.3L416 503V200.4zM137.6 138.3c2.4 14.1 7.2 28.3 12.8 41.5c2.9 6.8 6.1 13.7 9.6 20.6V451.8L32.9 502.7C17.1 509 0 497.4 0 480.4V209.6c0-9.8 6-18.6 15.1-22.3l122.6-49zM327.8 332c13.9-17.4 35.7-45.7 56.2-77V504.3L192 449.4V255c20.5 31.3 42.3 59.6 56.2 77c20.5 25.6 59.1 25.6 79.6 0zM288 152a40 40 0 1 0 0-80 40 40 0 1 0 0 80z\"><\/path><\/svg><\/div><\/span><\/div>\n\n\n\n<div class=\"wp-block-stackable-heading stk-block-heading stk-block-heading--v2 stk-block stk-966a585\" id=\"\u30b5\u30f3\u30d1\u30a6\u30ed\u4eba\u6587\u79d1\u5b66\u7814\u7a76\u6240\" data-block-id=\"966a585\"><style>.stk-966a585 {margin-bottom:10px !important;}.stk-966a585 .stk-block-heading__text{font-size:30px !important;color:var(--theme-palette-color-1, #006766) !important;}@media screen and (max-width:999px){.stk-966a585 .stk-block-heading__text{font-size:30px !important;}}<\/style><h5 class=\"stk-block-heading__text has-text-color has-palette-color-8-color has-text-align-center\">Centro de Estudos Nipo-Brasileiros<\/h5><\/div>\n\n\n\n<div id=\"gspb_text-id-gsbp-45543c4\" class=\"gspb_text gspb_text-id-gsbp-45543c4\"><strong>Segunda a Sexta 14h \u00e0s 18h<\/strong><\/div>\n\n\n\n<div id=\"gspb_text-id-gsbp-e59fe12\" class=\"gspb_text gspb_text-id-gsbp-e59fe12\"><strong>Endere\u00e7o:<\/strong><\/div>\n\n\n\n<div id=\"gspb_text-id-gsbp-76b8b25\" class=\"gspb_text gspb_text-id-gsbp-76b8b25\">\u30d6\u30e9\u30b8\u30eb\u56fd\u30b5\u30f3\u30d1\u30a6\u30ed\u5dde\u30b5\u30f3\u30d1\u30a6\u30ed\u5e02\u30b5\u30f3\u30fb\u30b8\u30e7\u30a2\u30ad\u30f3\u8857381\u756a3\u968e35\u53f7\u5ba4<br>Rua S\u00e3o Joaquim 381, 3\u00ba andar, sala 35, CEP 01508-900 S\u00e3o Paulo &#8211; SP, Brasil<\/div>\n<\/div><\/div><\/div>\n<\/div><\/div>\n\n\n\n<div id=\"gspb_text-id-gsbp-c72d6fc\" class=\"gspb_text gspb_text-id-gsbp-c72d6fc\"><strong>Acesso:<\/strong>\u3000<br>A: Da esta\u00e7\u00e3o de metr\u00f4 S\u00e3o Joaquim, caminhe 3 minutos a leste pela Rua S\u00e3o Joaquim. Ou,<br>B: Caminhe 10 minutos para o sul pela Rua Galv\u00e3o Bueno a partir da esta\u00e7\u00e3o de metr\u00f4 Liberdade.<br>Sala 35, 3\u00ba andar (4\u00ba andar na contagem japonesa) do pr\u00e9dio da Sociedade Brasileira de Cultura Japonesa e de Assist\u00eancia Social, conhecido como Bunkyo.<br>Suba at\u00e9 o terceiro andar no elevador do Edif\u00edcio Bunkyo, saia do elevador e siga em frente. A porta corta-fogo estar\u00e1 \u00e0 sua esquerda (do lado direito fica o escrit\u00f3rio do Museu da Imigra\u00e7\u00e3o Brasileira).<\/div>\n\n\n\n<div style=\"height:60px\" aria-hidden=\"true\" class=\"wp-block-spacer\"><\/div>\n\n\n\n<div id=\"02\" class=\"wp-block-group is-nowrap is-layout-flex wp-container-core-group-is-layout-5c4495dd wp-block-group-is-layout-flex\">\n<div class=\"wp-block-greenshift-blocks-iconbox gspb_iconBox gspb_iconBox-id-gsbp-b4ed44e\" id=\"gspb_iconBox-id-gsbp-b4ed44e\"><div class=\"gspb_iconBox__wrapper\" style=\"display:inline-flex\"><svg class=\"\" style=\"display:inline-block;vertical-align:middle\" width=\"72\" height=\"72\" viewbox=\"0 0 896 1024\" xmlns=\"https:\/\/www.w3.org\/2000\/svg\"><path style=\"fill:#565D66\" d=\"M832 416h-768c-35.34 0-64 28.66-64 64v64c0 35.34 28.66 64 64 64h768c35.34 0 64-28.66 64-64v-64c0-35.34-28.66-64-64-64z\"><\/path><\/svg><\/div><\/div>\n\n\n\n<h3 id=\"gspb_heading-id-gsbp-a924f08\" class=\"gspb_heading gspb_heading-id-gsbp-a924f08\">Calend\u00e1rio de Atendimento<\/h3>\n<\/div>\n\n\n\n<div id=\"gspb_text-id-gsbp-4dd42db\" class=\"gspb_text gspb_text-id-gsbp-4dd42db\">Nosso calend\u00e1rio de funcionamento \u00e9 atualizado regularmente para melhor atend\u00ea-lo.<\/div>\n\n\n\n<div class=\"wp-block-greenshift-blocks-container gspb_container gspb_container-gsbp-7d7fd06\" id=\"gspb_container-id-gsbp-7d7fd06\">\n<iframe loading=\"lazy\" src=\"https:\/\/calendar.google.com\/calendar\/embed?height=500&#038;wkst=1&#038;ctz=America%2FSao_Paulo&#038;showPrint=0&#038;hl=pt_BR&#038;src=4c1b3ba73a79f7f89a658b966c55872d6becd524c9daa9df66df082abd2c7d72%40group.calendar.google.com&#038;src=amEuYnJhemlsaWFuLm9mZmljaWFsI2hvbGlkYXlAZ3JvdXAudi5jYWxlbmRhci5nb29nbGUuY29t&#038;color=%23ad1457&#038;color=%230b8043\" style=\"border:solid 1px #777\" width=\"800\" height=\"500\" frameborder=\"0\" scrolling=\"no\"><\/iframe>\n<\/div>\n\n\n\n<div id=\"gspb_text-id-gsbp-09209c0\" class=\"gspb_text gspb_text-id-gsbp-09209c0\">O recesso de final de ano do CENB est\u00e1 em conformidade com as normas do pr\u00e9dio do Bunkyo<\/div>\n<\/div>\n <\/div><\/div>\n\n\n\n<div class=\"wp-block-greenshift-blocks-row gspb_row gspb_row-id-gsbp-c489d30\" id=\"gspb_row-id-gsbp-c489d30\"><div class=\"gspb_row__content\"> \n<div class=\"wp-block-greenshift-blocks-row-column gspb_row__col--12 gspb_col-id-gsbp-35f2e89\" id=\"gspb_col-id-gsbp-35f2e89\">\n<h2 id=\"gspb_heading-id-gsbp-7bdf7df\" class=\"gspb_heading gspb_heading-id-gsbp-7bdf7df\">\u30a2\u30af\u30bb\u30b9\u30fb\u958b\u9928\u65e5<\/h2>\n\n\n\n<div id=\"gspb_text-id-gsbp-2b07c2e\" class=\"gspb_text gspb_text-id-gsbp-2b07c2e\">Informa\u00e7\u00e3o sobre a localiza\u00e7\u00e3o e os dias de atendimento<\/div>\n\n\n\n<div style=\"height:40px\" aria-hidden=\"true\" class=\"wp-block-spacer\"><\/div>\n\n\n\n<div id=\"01\" class=\"wp-block-group is-nowrap is-layout-flex wp-container-core-group-is-layout-5c4495dd wp-block-group-is-layout-flex\">\n<div class=\"wp-block-greenshift-blocks-iconbox gspb_iconBox gspb_iconBox-id-gsbp-9a50d39\" id=\"gspb_iconBox-id-gsbp-9a50d39\"><div class=\"gspb_iconBox__wrapper\" style=\"display:inline-flex\"><svg class=\"\" style=\"display:inline-block;vertical-align:middle\" width=\"72\" height=\"72\" viewbox=\"0 0 896 1024\" xmlns=\"https:\/\/www.w3.org\/2000\/svg\"><path style=\"fill:#565D66\" d=\"M832 416h-768c-35.34 0-64 28.66-64 64v64c0 35.34 28.66 64 64 64h768c35.34 0 64-28.66 64-64v-64c0-35.34-28.66-64-64-64z\"><\/path><\/svg><\/div><\/div>\n\n\n\n<h3 id=\"gspb_heading-id-gsbp-ba769b8\" class=\"gspb_heading gspb_heading-id-gsbp-ba769b8\">Localiza\u00e7\u00e3o<\/h3>\n<\/div>\n\n\n\n<div style=\"height:30px\" aria-hidden=\"true\" class=\"wp-block-spacer\"><\/div>\n\n\n\n<div class=\"wp-block-greenshift-blocks-container gspb_container gspb_container-gsbp-1fd604a\" id=\"gspb_container-id-gsbp-1fd604a\">\n<iframe src=\"https:\/\/www.google.com\/maps\/embed?pb=!1m18!1m12!1m3!1d3657.2040790758447!2d-46.637712525021065!3d-23.561112861582433!2m3!1f0!2f0!3f0!3m2!1i1024!2i768!4f13.1!3m3!1m2!1s0x94ce59a6e912a3b9%3A0x9a314be7323b1508!2z44K144Oz44OR44Km44Ot5Lq65paH56eR5a2m56CU56m25omAIENlbnRybyBkZSBFc3R1ZG9zIE5pcG8gQnJhc2lsZWlyb3M!5e0!3m2!1ses!2sbr!4v1740595814283!5m2!1ses!2sbr\" width=\"100%\" height=\"500\" style=\"border:0;\" allowfullscreen=\"\" loading=\"lazy\" referrerpolicy=\"no-referrer-when-downgrade\"><\/iframe>\n<\/div>\n\n\n\n<div class=\"wp-block-stackable-columns stk-block-columns stk-block stk-15a67db\" data-block-id=\"15a67db\"><style>.stk-15a67db {margin-bottom:40px !important;}.stk-15a67db-column{--stk-column-gap:30px !important;row-gap:30px !important;}<\/style><div class=\"stk-row stk-inner-blocks stk-block-content stk-content-align stk-15a67db-column\">\n<div class=\"wp-block-stackable-column stk-block-column stk-column stk-block stk-b0cc99d stk-block-background\" data-v=\"4\" data-block-id=\"b0cc99d\"><style>.stk-b0cc99d-container{margin-top:0px !important;margin-right:0px !important;margin-bottom:0px !important;margin-left:0px !important;}.stk-b0cc99d {background-color:var(--theme-palette-color-7, #faf7f5) !important;border-top-left-radius:8px !important;border-top-right-radius:8px !important;border-bottom-right-radius:8px !important;border-bottom-left-radius:8px !important;overflow:hidden !important;border-style:solid !important;border-color:var(--theme-palette-color-1, #006766) !important;border-top-width:4px !important;border-right-width:4px !important;border-bottom-width:4px !important;border-left-width:4px !important;padding-top:20px !important;padding-right:40px !important;padding-bottom:20px !important;padding-left:40px !important;}.stk-b0cc99d:hover{background-color:var(--theme-palette-color-7, #faf7f5) !important;}.stk-b0cc99d:before{background-color:var(--theme-palette-color-7, #faf7f5) !important;}.stk-b0cc99d:hover:before{background-color:var(--theme-palette-color-7, #faf7f5) !important;}<\/style><div class=\"stk-column-wrapper stk-block-column__content stk-container stk-b0cc99d-container stk--no-background stk--no-padding\"><div class=\"stk-block-content stk-inner-blocks stk-b0cc99d-inner-blocks\">\n<div class=\"wp-block-stackable-icon stk-block-icon has-text-align-center stk-block stk-e8f8b97\" data-block-id=\"e8f8b97\"><style>.stk-e8f8b97 {margin-bottom:20px !important;}.stk-e8f8b97 .stk--svg-wrapper .stk--inner-svg svg:last-child{height:60px !important;width:60px !important;}.stk-e8f8b97 .stk--svg-wrapper .stk--inner-svg svg:last-child, .stk-e8f8b97 .stk--svg-wrapper .stk--inner-svg svg:last-child :is(g, path, rect, polygon, ellipse){fill:var(--theme-palette-color-1, #006766) !important;}@media screen and (max-width:689px){.stk-e8f8b97 .stk--svg-wrapper .stk--inner-svg svg:last-child{height:50px !important;width:50px !important;}}<\/style><span class=\"stk--svg-wrapper\"><div class=\"stk--inner-svg\"><svg style=\"height:0;width:0\"><defs><lineargradient id=\"linear-gradient-e8f8b97\" x1=\"0\" x2=\"100%\" y1=\"0\" y2=\"0\"><stop offset=\"0%\" style=\"stop-opacity:1;stop-color:var(--linear-gradient-e-8-f-8-b-97-color-1)\"><\/stop><stop offset=\"100%\" style=\"stop-opacity:1;stop-color:var(--linear-gradient-e-8-f-8-b-97-color-2)\"><\/stop><\/lineargradient><\/defs><\/svg><svg xmlns=\"https:\/\/www.w3.org\/2000\/svg\" viewbox=\"0 0 576 512\" aria-hidden=\"true\" width=\"32\" height=\"32\"><path d=\"M408 120c0 54.6-73.1 151.9-105.2 192c-7.7 9.6-22 9.6-29.6 0C241.1 271.9 168 174.6 168 120C168 53.7 221.7 0 288 0s120 53.7 120 120zm8 80.4c3.5-6.9 6.7-13.8 9.6-20.6c.5-1.2 1-2.5 1.5-3.7l116-46.4C558.9 123.4 576 135 576 152V422.8c0 9.8-6 18.6-15.1 22.3L416 503V200.4zM137.6 138.3c2.4 14.1 7.2 28.3 12.8 41.5c2.9 6.8 6.1 13.7 9.6 20.6V451.8L32.9 502.7C17.1 509 0 497.4 0 480.4V209.6c0-9.8 6-18.6 15.1-22.3l122.6-49zM327.8 332c13.9-17.4 35.7-45.7 56.2-77V504.3L192 449.4V255c20.5 31.3 42.3 59.6 56.2 77c20.5 25.6 59.1 25.6 79.6 0zM288 152a40 40 0 1 0 0-80 40 40 0 1 0 0 80z\"><\/path><\/svg><\/div><\/span><\/div>\n\n\n\n<div class=\"wp-block-stackable-heading stk-block-heading stk-block-heading--v2 stk-block stk-39a1037\" id=\"\u30b5\u30f3\u30d1\u30a6\u30ed\u4eba\u6587\u79d1\u5b66\u7814\u7a76\u6240\" data-block-id=\"39a1037\"><style>.stk-39a1037 {margin-bottom:10px !important;}.stk-39a1037 .stk-block-heading__text{font-size:30px !important;color:var(--theme-palette-color-1, #006766) !important;}@media screen and (max-width:999px){.stk-39a1037 .stk-block-heading__text{font-size:30px !important;}}<\/style><h5 class=\"stk-block-heading__text has-text-color has-palette-color-8-color has-text-align-center\">Centro de Estudos Nipo-Brasileiros<\/h5><\/div>\n\n\n\n<div id=\"gspb_text-id-gsbp-77407f4\" class=\"gspb_text gspb_text-id-gsbp-77407f4\"><strong>Segunda a Sexta 14h \u00e0s 18h<\/strong><\/div>\n\n\n\n<div id=\"gspb_text-id-gsbp-f99989a\" class=\"gspb_text gspb_text-id-gsbp-f99989a\"><strong>Endere\u00e7o:<\/strong><\/div>\n\n\n\n<div id=\"gspb_text-id-gsbp-d1574e3\" class=\"gspb_text gspb_text-id-gsbp-d1574e3\">\u30d6\u30e9\u30b8\u30eb\u56fd\u30b5\u30f3\u30d1\u30a6\u30ed\u5dde\u30b5\u30f3\u30d1\u30a6\u30ed\u5e02\u30b5\u30f3\u30fb\u30b8\u30e7\u30a2\u30ad\u30f3\u8857381\u756a3\u968e35\u53f7\u5ba4<br>Rua S\u00e3o Joaquim 381, 3\u00ba andar, sala 35, CEP 01508-900 S\u00e3o Paulo &#8211; SP, Brasil<\/div>\n<\/div><\/div><\/div>\n<\/div><\/div>\n\n\n\n<div id=\"gspb_text-id-gsbp-5397b7e\" class=\"gspb_text gspb_text-id-gsbp-5397b7e\"><strong>Acesso:<\/strong>\u3000<br>A: Da esta\u00e7\u00e3o de metr\u00f4 S\u00e3o Joaquim, caminhe 3 minutos a leste pela Rua S\u00e3o Joaquim. Ou,<br>B: Caminhe 10 minutos para o sul pela Rua Galv\u00e3o Bueno a partir da esta\u00e7\u00e3o de metr\u00f4 Liberdade.<br>Sala 35, 3\u00ba andar (4\u00ba andar na contagem japonesa) do pr\u00e9dio da Sociedade Brasileira de Cultura Japonesa e de Assist\u00eancia Social, conhecido como Bunkyo.<br>Suba at\u00e9 o terceiro andar no elevador do Edif\u00edcio Bunkyo, saia do elevador e siga em frente. A porta corta-fogo estar\u00e1 \u00e0 sua esquerda (do lado direito fica o escrit\u00f3rio do Museu da Imigra\u00e7\u00e3o Brasileira).<\/div>\n\n\n\n<div style=\"height:60px\" aria-hidden=\"true\" class=\"wp-block-spacer\"><\/div>\n\n\n\n<div id=\"02\" class=\"wp-block-group is-nowrap is-layout-flex wp-container-core-group-is-layout-5c4495dd wp-block-group-is-layout-flex\">\n<div class=\"wp-block-greenshift-blocks-iconbox gspb_iconBox gspb_iconBox-id-gsbp-43a68c4\" id=\"gspb_iconBox-id-gsbp-43a68c4\"><div class=\"gspb_iconBox__wrapper\" style=\"display:inline-flex\"><svg class=\"\" style=\"display:inline-block;vertical-align:middle\" width=\"72\" height=\"72\" viewbox=\"0 0 896 1024\" xmlns=\"https:\/\/www.w3.org\/2000\/svg\"><path style=\"fill:#565D66\" d=\"M832 416h-768c-35.34 0-64 28.66-64 64v64c0 35.34 28.66 64 64 64h768c35.34 0 64-28.66 64-64v-64c0-35.34-28.66-64-64-64z\"><\/path><\/svg><\/div><\/div>\n\n\n\n<h3 id=\"gspb_heading-id-gsbp-f4028f2\" class=\"gspb_heading gspb_heading-id-gsbp-f4028f2\">Calend\u00e1rio de Atendimento<\/h3>\n<\/div>\n\n\n\n<div id=\"gspb_text-id-gsbp-2668449\" class=\"gspb_text gspb_text-id-gsbp-2668449\">Nosso calend\u00e1rio de funcionamento \u00e9 atualizado regularmente para melhor atend\u00ea-lo.<\/div>\n\n\n\n<div class=\"wp-block-greenshift-blocks-container gspb_container gspb_container-gsbp-aa5d590\" id=\"gspb_container-id-gsbp-aa5d590\">\n<iframe loading=\"lazy\" src=\"https:\/\/calendar.google.com\/calendar\/embed?height=500&#038;wkst=1&#038;ctz=America%2FSao_Paulo&#038;showPrint=0&#038;hl=pt_BR&#038;src=YzMxM2RhOTRlNGE1M2Y4NmYzMTg0Zjg3NDc3OTc1N2NkZmRiNzAzNmVjZjg0ZGQwYTcwOTZkZDNkMjRjZmQwMEBncm91cC5jYWxlbmRhci5nb29nbGUuY29t&#038;src=amEuYnJhemlsaWFuLm9mZmljaWFsI2hvbGlkYXlAZ3JvdXAudi5jYWxlbmRhci5nb29nbGUuY29t&#038;color=%23ad1457&#038;color=%230b8043\" style=\"border:solid 1px #777\" width=\"800\" height=\"500\" frameborder=\"0\" scrolling=\"no\"><\/iframe>\n<\/div>\n\n\n\n<div id=\"gspb_text-id-gsbp-f96576c\" class=\"gspb_text gspb_text-id-gsbp-f96576c\">O recesso de final de ano do CENB est\u00e1 em conformidade com as normas do pr\u00e9dio do Bunkyo<\/div>\n<\/div>\n <\/div><\/div>","protected":false},"excerpt":{"rendered":"","protected":false},"author":1,"featured_media":0,"parent":0,"menu_order":0,"comment_status":"closed","ping_status":"closed","template":"","meta":{"_acf_changed":false,"_gspb_post_css":"#gspb_row-id-gsbp-54f5939{justify-content:space-between;margin-top:0;margin-bottom:0;display:flex;flex-wrap:wrap}#gspb_row-id-gsbp-54f5939>.gspb_row__content{display:flex;margin:0 auto;width:100%;flex-wrap:wrap;max-width:80%;justify-content:center}div[id^=gspb_col-id]{box-sizing:border-box;position:relative;padding:var(--gs-row-column-padding, 15px min(3vw, 20px))}@media (max-width:575.98px){body #gspb_row-id-gsbp-54f5939{display:none!important}}#gspb_col-id-gsbp-736b4f8.gspb_row__col--12{width:100%}@media (max-width:575.98px){#gspb_col-id-gsbp-736b4f8.gspb_row__col--12{width:100%}}#gspb_heading-id-gsbp-23b48f0{padding-bottom:15px}.gspb_text-id-gsbp-2a53743{margin-top:0!important}#gspb_iconBox-id-gsbp-6b1daef svg{height:40px!important;width:40px!important;min-width:40px!important;margin:0!important}#gspb_iconBox-id-gsbp-6b1daef{justify-content:center;display:flex}#gspb_iconBox-id-gsbp-6b1daef svg,#gspb_iconBox-id-gsbp-6b1daef svg path,#gspb_iconBox-id-gsbp-6b1daef svg:hover,#gspb_iconBox-id-gsbp-6b1daef svg:hover path{fill:var(--theme-link-initial-color, currentColor)!important}#gspb_iconBox-id-gsbp-6b1daef .gspb_iconBox__wrapper{margin-bottom:0}#gspb_heading-id-gsbp-784c969{margin-top:0}body.gspb-bodyfront #gspb_heading-id-gsbp-784c969,body.gspb-bodyfront #gspb_heading-id-gsbp-a924f08,body.gspb-bodyfront #gspb_heading-id-gsbp-ba769b8,body.gspb-bodyfront #gspb_heading-id-gsbp-f4028f2{bottom:-20px}.gspb_container-id-gsbp-ca1d234{flex-direction:column;box-sizing:border-box}#gspb_container-id-gsbp-1fd604a.gspb_container>p:last-of-type,#gspb_container-id-gsbp-7d7fd06.gspb_container>p:last-of-type,#gspb_container-id-gsbp-aa5d590.gspb_container>p:last-of-type,#gspb_container-id-gsbp-ca1d234.gspb_container>p:last-of-type{margin-bottom:0}#gspb_container-id-gsbp-ca1d234.gspb_container{position:relative;margin-bottom:30px}.gspb_text-id-gsbp-45543c4,.gspb_text-id-gsbp-45543c4 .gsap-g-line{text-align:center!important}.gspb_text-id-gsbp-45543c4,.gspb_text-id-gsbp-e59fe12{margin-bottom:0!important}.gspb_text-id-gsbp-76b8b25{margin-top:0!important;margin-bottom:30px!important}.gspb_text-id-gsbp-c72d6fc{margin-bottom:20px!important}#gspb_iconBox-id-gsbp-b4ed44e svg{height:40px!important;width:40px!important;min-width:40px!important;margin:0!important}#gspb_iconBox-id-gsbp-b4ed44e{justify-content:center;display:flex}#gspb_iconBox-id-gsbp-b4ed44e svg,#gspb_iconBox-id-gsbp-b4ed44e svg path,#gspb_iconBox-id-gsbp-b4ed44e svg:hover,#gspb_iconBox-id-gsbp-b4ed44e svg:hover path{fill:var(--theme-link-initial-color, currentColor)!important}#gspb_heading-id-gsbp-a924f08{margin-top:0}.gspb_text-id-gsbp-4dd42db{margin-top:30px!important;margin-bottom:40px!important}.gspb_container-id-gsbp-7d7fd06{flex-direction:column;box-sizing:border-box}#gspb_container-id-gsbp-7d7fd06.gspb_container{position:relative}.gspb_text-id-gsbp-09209c0{margin-top:0!important;margin-bottom:20px!important}#gspb_row-id-gsbp-c489d30{justify-content:space-between;margin-top:0;margin-bottom:0;display:flex;flex-wrap:wrap}#gspb_row-id-gsbp-c489d30>.gspb_row__content{display:flex;margin:0 auto;width:100%;flex-wrap:wrap;justify-content:center}.gspb_row{position:relative}@media (min-width:768px) and (max-width:991.98px){body #gspb_row-id-gsbp-c489d30{display:none!important}}@media (min-width:992px){body #gspb_row-id-gsbp-c489d30{display:none!important}}#gspb_col-id-gsbp-35f2e89.gspb_row__col--12{width:100%}@media (max-width:575.98px){#gspb_col-id-gsbp-35f2e89.gspb_row__col--12{width:100%}}#gspb_heading-id-gsbp-7bdf7df{padding-bottom:15px}.gspb_text-id-gsbp-2b07c2e{margin-top:0!important}#gspb_iconBox-id-gsbp-9a50d39{justify-content:center;display:flex}#gspb_iconBox-id-gsbp-9a50d39 svg,#gspb_iconBox-id-gsbp-9a50d39 svg path,#gspb_iconBox-id-gsbp-9a50d39 svg:hover,#gspb_iconBox-id-gsbp-9a50d39 svg:hover path{fill:var(--theme-link-initial-color, currentColor)!important}#gspb_iconBox-id-gsbp-9a50d39 .gspb_iconBox__wrapper{margin-bottom:0}#gspb_heading-id-gsbp-ba769b8{margin-top:0}.gspb_container-id-gsbp-1fd604a{flex-direction:column;box-sizing:border-box}#gspb_container-id-gsbp-1fd604a.gspb_container{position:relative;margin-bottom:30px}.gspb_text-id-gsbp-77407f4,.gspb_text-id-gsbp-77407f4 .gsap-g-line{text-align:center!important}.gspb_text-id-gsbp-77407f4,.gspb_text-id-gsbp-f99989a{margin-bottom:0!important}.gspb_text-id-gsbp-d1574e3{margin-top:0!important;margin-bottom:30px!important}.gspb_text-id-gsbp-5397b7e{margin-bottom:20px!important}#gspb_iconBox-id-gsbp-43a68c4 svg,#gspb_iconBox-id-gsbp-9a50d39 svg{height:40px!important;width:40px!important;min-width:40px!important;margin:0!important}#gspb_iconBox-id-gsbp-43a68c4{justify-content:center;display:flex}#gspb_iconBox-id-gsbp-43a68c4 svg,#gspb_iconBox-id-gsbp-43a68c4 svg path,#gspb_iconBox-id-gsbp-43a68c4 svg:hover,#gspb_iconBox-id-gsbp-43a68c4 svg:hover path{fill:var(--theme-link-initial-color, currentColor)!important}#gspb_heading-id-gsbp-f4028f2{margin-top:0}.gspb_text-id-gsbp-2668449{margin-top:30px!important;margin-bottom:40px!important}.gspb_container-id-gsbp-aa5d590{flex-direction:column;box-sizing:border-box}#gspb_container-id-gsbp-aa5d590.gspb_container{position:relative}.gspb_text-id-gsbp-f96576c{margin-top:0!important;margin-bottom:20px!important}","footnotes":""},"class_list":["post-22685","page","type-page","status-publish","hentry"],"blocksy_meta":{"has_hero_section":"disabled","styles_descriptor":{"styles":{"desktop":"","tablet":"","mobile":""},"google_fonts":[],"version":6},"page_structure_type":"type-1"},"acf":[],"_links":{"self":[{"href":"https:\/\/cenb.org.br\/pt\/wp-json\/wp\/v2\/pages\/22685","targetHints":{"allow":["GET"]}}],"collection":[{"href":"https:\/\/cenb.org.br\/pt\/wp-json\/wp\/v2\/pages"}],"about":[{"href":"https:\/\/cenb.org.br\/pt\/wp-json\/wp\/v2\/types\/page"}],"author":[{"embeddable":true,"href":"https:\/\/cenb.org.br\/pt\/wp-json\/wp\/v2\/users\/1"}],"replies":[{"embeddable":true,"href":"https:\/\/cenb.org.br\/pt\/wp-json\/wp\/v2\/comments?post=22685"}],"version-history":[{"count":36,"href":"https:\/\/cenb.org.br\/pt\/wp-json\/wp\/v2\/pages\/22685\/revisions"}],"predecessor-version":[{"id":125150,"href":"https:\/\/cenb.org.br\/pt\/wp-json\/wp\/v2\/pages\/22685\/revisions\/125150"}],"wp:attachment":[{"href":"https:\/\/cenb.org.br\/pt\/wp-json\/wp\/v2\/media?parent=22685"}],"curies":[{"name":"wp","href":"https:\/\/api.w.org\/{rel}","templated":true}]}}